{"id":8995,"date":"2019-03-05T23:20:04","date_gmt":"2019-03-05T22:20:04","guid":{"rendered":"http:\/\/www.gardiensdesunivers.fr\/?page_id=8995"},"modified":"2025-06-10T11:03:53","modified_gmt":"2025-06-10T09:03:53","slug":"les-univers-ludiques-2019","status":"publish","type":"page","link":"https:\/\/www.gardiensdesunivers.fr\/?page_id=8995","title":{"rendered":"Les Univers Ludiques 2025"},"content":{"rendered":"<\/div><\/div><\/div><!-- close content main div --><\/div><\/div><div id='full_slider_1' class='avia-fullwidth-slider main_color avia-shadow   container_wrap sidebar_right'   ><div  data-size='featured'  data-lightbox_size='large'  data-animation='slide'  data-ids='11347'  data-video_counter='0'  data-autoplay='false'  data-bg_slider='false'  data-slide_height=''  data-handle='av_slideshow_full'  data-interval='5'  data-class=' '  data-css_id=''  data-scroll_down=''  data-control_layout='av-control-default'  data-custom_markup=''  data-perma_caption=''  data-autoplay_stopper=''  data-image_attachment=''  data-min_height='0px'  data-src=''  data-position='top left'  data-repeat='no-repeat'  data-attach='scroll'  data-stretch=''  data-default-height='28.666666666667'  class='avia-slideshow avia-slideshow-1  av-control-default av-default-height-applied avia-slideshow-featured av_slideshow_full   avia-slide-slider '  itemprop=\"ImageObject\" itemscope=\"itemscope\" itemtype=\"https:\/\/schema.org\/ImageObject\" ><ul class='avia-slideshow-inner' style='padding-bottom: 33.59375%;'><li  class=' av-single-slide slide-1 ' ><div data-rel='slideshow-1' class='avia-slide-wrap'  ><img src='https:\/\/www.gardiensdesunivers.fr\/wp-content\/uploads\/2025\/03\/banniere2-1280x430.jpg' width='1280' height='430' title='banni\u00e8re2' alt=''  itemprop=\"thumbnailUrl\"   \/><\/div><\/li><\/ul><\/div><\/div>\n<div class=\"flex_column av_one_third  flex_column_div first  \" ><p><article class=\"iconbox iconbox_top main_color    \"  itemscope=\"itemscope\" itemtype=\"https:\/\/schema.org\/CreativeWork\" ><div class=\"iconbox_content\"><header class=\"entry-content-header\"><a href='https:\/\/www.gardiensdesunivers.fr\/?page_id=3693' title='Vous \u00eates MJ ?'  class=\"iconbox_icon heading-color \" aria-hidden='true' data-av_icon='\ue80a' data-av_iconfont='entypo-fontello'  ><\/a><h3 class='iconbox_content_title '  itemprop=\"headline\"  ><a href='https:\/\/www.gardiensdesunivers.fr\/?page_id=3693' title='Vous \u00eates MJ ?' >Vous \u00eates MJ ?<\/a><\/h3><\/header><div class='iconbox_content_container  '  itemprop=\"text\"  ><p>Si vous \u00eates MJ et que vous souhaitez pr\u00e9senter une ou plusieurs parties de jeux de r\u00f4le pendant les Univers Ludiques 2025, remplissez donc <a href=\"https:\/\/www.gardiensdesunivers.fr\/?page_id=10692\">notre formulaire de r\u00e9servation<\/a> !<\/p>\n<\/div><\/div><footer class=\"entry-footer\"><\/footer><\/article><br \/>\n<article class=\"iconbox iconbox_top main_color    \"  itemscope=\"itemscope\" itemtype=\"https:\/\/schema.org\/CreativeWork\" ><div class=\"iconbox_content\"><header class=\"entry-content-header\"><a href='https:\/\/www.gardiensdesunivers.fr\/?page_id=3647' title='Vous \u00eates joueur ?'  class=\"iconbox_icon heading-color \" aria-hidden='true' data-av_icon='\ue80a' data-av_iconfont='entypo-fontello'  ><\/a><h3 class='iconbox_content_title '  itemprop=\"headline\"  ><a href='https:\/\/www.gardiensdesunivers.fr\/?page_id=3647' title='Vous \u00eates joueur ?' >Vous \u00eates joueur ?<\/a><\/h3><\/header><div class='iconbox_content_container  '  itemprop=\"text\"  ><p>Quelle bonne id\u00e9e ! Inscrivez-vous d\u00e8s maintenant via <a href=\"https:\/\/www.gardiensdesunivers.fr\/?page_id=3647\">notre formulaire d&rsquo;inscription<\/a> aux diff\u00e9rentes tables de jeux de r\u00f4les, tournois Magic : The Gathering et autres activit\u00e9s !<\/p>\n<\/div><\/div><footer class=\"entry-footer\"><\/footer><\/article><\/p><\/div>\n<div class=\"flex_column av_two_third  flex_column_div av-zero-column-padding   \" style='border-radius:0px; '><section class=\"av_textblock_section \"  itemscope=\"itemscope\" itemtype=\"https:\/\/schema.org\/CreativeWork\" ><div class='avia_textblock  '   itemprop=\"text\" ><p style=\"text-align: center; font-size: 30px;\"><strong>PROGRAMMATION<\/strong><\/p>\n<p style=\"text-align: center;\">Le programme pourra \u00eatre modifi\u00e9 au fur et \u00e0 mesure des propositions d&rsquo;animations. Pensez \u00e0 revenir ici !<\/p>\n<p style=\"text-align: center; font-size: 20px;\"><strong>SAMEDI<\/strong><\/p>\n<p style=\"text-align: center;\"><strong style=\"color: blue;\">Jeux de soci\u00e9t\u00e9, jeux de cartes et jeux vid\u00e9o <\/strong>en continu \u00e0 partir de 9h<\/p>\n<p><strong>APR\u00c8S-MIDI<\/strong> (14h-19h)<\/p>\n<ul>\n<li style=\"list-style-type: none;\">\n<ul>\n<li style=\"list-style-type: none;\">\n<ul>\n<li><strong style=\"color: blue;\">Tournoi Magic: The Gathering <\/strong>en Draft \u00ab\u00a0Final Fantasy\u00a0\u00bb (Inscription : 25\u20ac) : 11 places disponibles<\/li>\n<li><strong style=\"color: blue;\">Magic: The Gathering <\/strong>\u00ab\u00a0Command Zone\u00a0\u00bb (jeu libre en EDH)<\/li>\n<li><strong style=\"color: blue;\">Jeux de cartes en continu (Magic, Lorcana, Final Fantasy TCG, Yu-Gi-Oh!&#8230;) <\/strong><\/li>\n<li><strong style=\"color: blue;\">Zombicide<\/strong><\/li>\n<li><strong style=\"color: blue;\">Jeux de figurines<\/strong><br \/>\n<details>\n<summary><span style=\"color: cornflowerblue;\">Warhammer Age of Sigmar : Fer de lance<\/span> Jeu libre et Initiation<\/summary>\n<p>Vivez des batailles \u00e9piques dans l&rsquo;univers de Warhammer !<\/p>\n<\/details>\n<details>\n<summary><span style=\"color: cornflowerblue;\">Warhammer 40000<\/span> Jeu libre<\/summary>\n<p>Affrontez vos adversaires dans l&rsquo;espace !<\/p>\n<\/details>\n<\/li>\n<li><strong style=\"color: blue;\">Jeux de r\u00f4le<\/strong><br \/>\n<details>\n<summary><span style=\"color: cornflowerblue;\">Bitable th\u00e9matique \u00ab\u00a0Contes et l\u00e9gendes\u00a0\u00bb (Hitos)<\/span> : 6 places disponibles<\/summary>\n<p>Dans un monde m\u00e9di\u00e9val fantastique o\u00f9 le mal a disparu, un dieu mal\u00e9fique, banni depuis des si\u00e8cles, s&rsquo;appr\u00eate \u00e0 faire son retour. De preux fervants des dieux lumineux partent \u00e0 l&rsquo;aventure pour faire ce qui est juste, et emp\u00eacher l&rsquo;arriv\u00e9e du Mal absolu. Ou alors, c&rsquo;est ce qu&rsquo;ils croient ?<\/p>\n<\/details>\n<details>\n<summary><span style=\"color: cornflowerblue;\">Vous avez une partie \u00e0 proposer ?<\/span><\/summary>\n<p><a href=\"https:\/\/www.gardiensdesunivers.fr\/?page_id=10692\">Cliquez sur ce lien !<\/a><\/p>\n<\/details>\n<details>\n<summary><span style=\"color: cornflowerblue;\">Vous avez une partie \u00e0 proposer ?<\/span><\/summary>\n<p><a href=\"https:\/\/www.gardiensdesunivers.fr\/?page_id=10692\">Cliquez sur ce lien !<\/a><\/p>\n<\/details>\n<details>\n<summary><span style=\"color: cornflowerblue;\">Vous avez une partie \u00e0 proposer ?<\/span><\/summary>\n<p><a href=\"https:\/\/www.gardiensdesunivers.fr\/?page_id=10692\">Cliquez sur ce lien !<\/a><\/p>\n<\/details>\n<details>\n<summary><span style=\"color: cornflowerblue;\">Vous avez une partie \u00e0 proposer ?<\/span><\/summary>\n<p><a href=\"https:\/\/www.gardiensdesunivers.fr\/?page_id=10692\">Cliquez sur ce lien !<\/a><\/p>\n<\/details>\n<\/li>\n<\/ul>\n<\/li>\n<\/ul>\n<\/li>\n<\/ul>\n<p><strong>SOIR <\/strong>(21h-01h ou au-del\u00e0)<\/p>\n<ul>\n<li style=\"list-style-type: none;\">\n<ul>\n<li><strong style=\"color: blue;\">Magic: The Gathering <\/strong>\u00ab\u00a0Command Zone\u00a0\u00bb (jeu libre en EDH)<\/li>\n<li><strong style=\"color: blue;\">Jeux de cartes en continu (Magic, Lorcana, Final Fantasy TCG, Yu-Gi-Oh!&#8230;) <\/strong><\/li>\n<li><strong style=\"color: blue;\">Zombicide<\/strong><\/li>\n<li><strong style=\"color: blue;\">Jeux de figurines<\/strong><br \/>\n<details>\n<summary><span style=\"color: cornflowerblue;\">Warhammer Age of Sigmar : Fer de lance<\/span> Jeu libre et Initiation<\/summary>\n<p>Vivez des batailles \u00e9piques dans l&rsquo;univers de Warhammer !<\/p>\n<\/details>\n<details>\n<summary><span style=\"color: cornflowerblue;\">Warhammer 40000<\/span> Jeu libre<\/summary>\n<p>Affrontez vos adversaires dans l&rsquo;espace !<\/p>\n<\/details>\n<\/li>\n<li><strong style=\"color: blue;\">Jeux de r\u00f4le<\/strong><br \/>\n<details>\n<summary><span style=\"color: cornflowerblue;\">Bitable \u00ab\u00a0L\u00e9gendes oubli\u00e9es, par del\u00e0 les mondes\u00a0\u00bb (Chroniques Oubli\u00e9es)<\/span> : 10 places disponibles<\/summary>\n<p>Deux mondes distincts, ne se connaissant qu&rsquo;au travers de l\u00e9gendes et de contes.<br \/>\nR\u00e9unis par un \u00e9v\u00e9nement, un probl\u00e8me commun. Rares sont les \u00e9lus capables de voir et d&rsquo;interagir avec Le Voile, l&rsquo;espace ou les mondes cohabitent.<br \/>\nPour autant, il faudra le r\u00e9parer, ne pas laisser ce voile se d\u00e9chirer.<br \/>\nMais, comment faire, alors que les histoires semblent prendre part \u00e0 la r\u00e9alit\u00e9 et que voir cela est consid\u00e9r\u00e9 comme une forme de folie ?<br \/>\nEux, qui ne sont en rien des h\u00e9ros, pourront ils sauver non pas 1 mais 2 mondes ?<\/p>\n<\/details>\n<details>\n<summary><span style=\"color: cornflowerblue;\">Chroniques Oubli\u00e9es Fantasy (sera jou\u00e9 toute la nuit)<\/span> : 3 places disponibles<\/summary>\n<p>Continent, Empire lumineux des Oromenor, r\u00e9gion frontali\u00e8re de Rubis, village du mont Covadis ; depuis quelques mois, la population vit dans la terreur : un monstre surnomm\u00e9 \u00ab\u00a0galipotte\u00a0\u00bb attaque les troupeaux, les habitants et les voyageurs, emp\u00eachant tout messager de descendre la montagne pour aller avertir la garnison de Villa-Joie. D\u00e9sesp\u00e9r\u00e9, le maire d\u00e9cide de faire appel, pour traquer cette cr\u00e9ature de l\u00e9gende, \u00e0 d&rsquo;autres cr\u00e9atures de l\u00e9gendes : les gobelins de la montagne. Pas forc\u00e9ment tr\u00e8s intelligents, ils peuvent en revanche voir dans le noir et se montrer tr\u00e8s inventifs. Depuis toujours consid\u00e9r\u00e9s comme des monstres par le village et le monde entier, la situation pourrait changer, jusque dans les livres d&rsquo;histoires : missionn\u00e9s pour sauver le peuple de Covadis, les petits peaux-vertes pourront-ils changer les mentalit\u00e9s et les pr\u00e9jug\u00e9s&#8230; Ou au contraire les renforcer ?<\/p>\n<\/details>\n<details>\n<summary><span style=\"color: cornflowerblue;\">Bitable \u00ab\u00a0De ces mythes qui n&rsquo;en sont pas et que nous devons oublier\u00a0\u00bb (Hitos)<\/span> : 8 places disponibles<\/summary>\n<p>Dans le monde, certaines portes devraient rester ferm\u00e9es, certains livres clos, certaines histoires oubli\u00e9es&#8230; Et vous allez d\u00e9couvrir pourquoi&#8230; Incarnez un personnage lambda dans le but de r\u00e9soudre les myst\u00e8res quand mythes et r\u00e9alit\u00e9s se confondent<\/p>\n<\/details>\n<details>\n<summary><span style=\"color: cornflowerblue;\">\u00ab\u00a0F\u00eate des morts\u00a0\u00bb (Dungeons &amp; Dragons 5e)<\/span> : COMPLET<\/summary>\n<p>Incarnez un groupe de capitaines de garnison (de niveau 15 !) en pleine surveillance d&rsquo;un&#8230; festival des morts !<\/p>\n<\/details>\n<details>\n<summary><span style=\"color: cornflowerblue;\">\u00ab\u00a0Prince charmant a des ennuis\u00a0\u00bb (Hitos) (sera jou\u00e9 toute la nuit)<\/span> : 5 places disponibles<\/summary>\n<p>\u00ab\u00a0Le royaume est en f\u00eate ! Prince Charmant et la Princesse Elise vont se marier !<br \/>\nQuelle joie, quel bonheur !<br \/>\nVenez nombreux \u00e0 cet \u00e9venement inoubliable et merveilleux qui unira nos deux tourtereaux !\u00a0\u00bb<br \/>\nVous \u00eates ravis d&rsquo;assister \u00e0 cette c\u00e9r\u00e9monie qui scellera dans le marbre l&rsquo;union de deux de vos amis.<br \/>\nMais lors de cet \u00e9v\u00e8nement, quelque chose d&rsquo;inattendu va survenir et changer consid\u00e9rablement le bonheur ambiant en incompr\u00e9hension totale.<\/p>\n<p>Venez vivre une aventure p\u00e9rilleuse mais loufoque inspir\u00e9e de vos contes et dessins anim\u00e9s favoris !<\/p>\n<\/details>\n<\/li>\n<\/ul>\n<\/li>\n<\/ul>\n<p style=\"text-align: center; font-size: 20px;\"><strong>DIMANCHE<\/strong><\/p>\n<p style=\"text-align: center;\"><strong style=\"color: blue;\">Jeux de soci\u00e9t\u00e9,jeux de cartes et jeux vid\u00e9o <\/strong>en continu \u00e0 partir de 9h<\/p>\n<p><strong>MATIN<\/strong> (9h-12h)<\/p>\n<ul>\n<li style=\"list-style-type: none;\">\n<ul>\n<li><strong style=\"color: blue;\">Tournoi<\/strong> Magic: The Gathering en EDH multi, par \u00e9quipe ! (\u00e9quipes de deux, positionn\u00e9s comme \u00e0 la belote) &#8211; Banlist \u00ab\u00a0Commander multi\u00a0\u00bb (retrouvez la liste des cartes bannies ici : <a href=\"https:\/\/magic.wizards.com\/en\/banned-restricted-list\">https:\/\/magic.wizards.com\/en\/banned-restricted-list<\/a> ) (Inscription : 13\u20ac \/ personne) 4 places (pour 4 \u00e9quipes) disponibles<\/li>\n<li><strong style=\"color: blue;\">Tournoi<\/strong> Yu-Gi-Oh (Inscription : 5\u20ac ) 16 places disponibles (se terminera dans l&rsquo;apr\u00e8s-midi) &#8211; Liste des cartes bannies ou limit\u00e9es <a href=\"https:\/\/www.yugioh-card.com\/eu\/fr\/play\/forbidden-and-limited-list\/\">https:\/\/www.yugioh-card.com\/eu\/fr\/play\/forbidden-and-limited-list<\/a><\/li>\n<li><strong style=\"color: blue;\">Jeux de cartes en continu (Magic, Lorcana, Final Fantasy TCG, Yu-Gi-Oh!&#8230;) <\/strong><\/li>\n<li><strong style=\"color: blue;\">Jeux de figurines<\/strong><br \/>\n<details>\n<summary><span style=\"color: cornflowerblue;\">Alpha Strike \/ Battletech<\/span> 4 places disponibles<\/summary>\n<p>Jeu d&rsquo;escarmouche se situant dans un lointin futur.<\/p>\n<\/details>\n<details>\n<summary><span style=\"color: cornflowerblue;\">Warhammer Age of Sigmar : Fer de lance<\/span> Jeu libre et Initiation<\/summary>\n<p>Vivez des batailles \u00e9piques dans l&rsquo;univers de Warhammer !<\/p>\n<\/details>\n<details>\n<summary><span style=\"color: cornflowerblue;\">Warhammer 40000<\/span> Jeu libre<\/summary>\n<p>Affrontez vos adversaires dans l&rsquo;espace !<\/p>\n<\/details>\n<\/li>\n<li><strong style=\"color: blue;\">Jeux de r\u00f4le<\/strong><br \/>\n<details>\n<summary><span style=\"color: cornflowerblue;\">Vous avez une partie \u00e0 proposer ?<\/span><\/summary>\n<p><a href=\"https:\/\/www.gardiensdesunivers.fr\/?page_id=10692\">Cliquez sur ce lien !<\/a><\/p>\n<\/details>\n<details>\n<summary><span style=\"color: cornflowerblue;\">Vous avez une partie \u00e0 proposer ?<\/span><\/summary>\n<p><a href=\"https:\/\/www.gardiensdesunivers.fr\/?page_id=10692\">Cliquez sur ce lien !<\/a><\/p>\n<\/details>\n<details>\n<summary><span style=\"color: cornflowerblue;\">Vous avez une partie \u00e0 proposer ?<\/span><\/summary>\n<p><a href=\"https:\/\/www.gardiensdesunivers.fr\/?page_id=10692\">Cliquez sur ce lien !<\/a><\/p>\n<\/details>\n<details>\n<summary><span style=\"color: cornflowerblue;\">Vous avez une partie \u00e0 proposer ?<\/span><\/summary>\n<p><a href=\"https:\/\/www.gardiensdesunivers.fr\/?page_id=10692\">Cliquez sur ce lien !<\/a><\/p>\n<\/details>\n<details>\n<summary><span style=\"color: cornflowerblue;\">Vous avez une partie \u00e0 proposer ?<\/span><\/summary>\n<p><a href=\"https:\/\/www.gardiensdesunivers.fr\/?page_id=10692\">Cliquez sur ce lien !<\/a><\/p>\n<\/details>\n<details>\n<summary><span style=\"color: cornflowerblue;\">Vous avez une partie \u00e0 proposer ?<\/span><\/summary>\n<p><a href=\"https:\/\/www.gardiensdesunivers.fr\/?page_id=10692\">Cliquez sur ce lien !<\/a><\/p>\n<\/details>\n<\/li>\n<\/ul>\n<\/li>\n<\/ul>\n<p><strong>APR\u00c8S-MIDI <\/strong>(14h-17h)<\/p>\n<ul>\n<li style=\"list-style-type: none;\">\n<ul>\n<li><strong style=\"color: blue;\">Magic: The Gathering <\/strong>\u00ab\u00a0Command Zone\u00a0\u00bb (jeu libre en EDH)<\/li>\n<li><strong style=\"color: blue;\">Jeux de cartes en continu (Magic, Lorcana, Final Fantasy TCG, Yu-Gi-Oh!&#8230;) <\/strong><\/li>\n<li><strong style=\"color: blue;\">Zombicide<\/strong><\/li>\n<li><strong style=\"color: blue;\">Jeux de figurines <\/strong><br \/>\n<details>\n<summary><span style=\"color: cornflowerblue;\">Alpha Strike \/ Battletech<\/span> 4 places disponibles<\/summary>\n<p>Jeu d&rsquo;escarmouche se situant dans un lointin futur.<\/p>\n<\/details>\n<details>\n<summary><span style=\"color: cornflowerblue;\">Warhammer Age of Sigmar : Fer de lance<\/span> Jeu libre et Initiation<\/summary>\n<p>Vivez des batailles \u00e9piques dans l&rsquo;univers de Warhammer !<\/p>\n<\/details>\n<details>\n<summary><span style=\"color: cornflowerblue;\">Warhammer 40000<\/span> Jeu libre<\/summary>\n<p>Affrontez vos adversaires dans l&rsquo;espace !<\/p>\n<\/details>\n<\/li>\n<li><strong style=\"color: blue;\">Murder Party \u00ab\u00a0Disney\u00a0\u00bb <\/strong>2 places disponibles<\/li>\n<li><strong style=\"color: blue;\">Jeux de r\u00f4le<\/strong><br \/>\n<details>\n<summary><span style=\"color: cornflowerblue;\">Vous avez une partie \u00e0 proposer ?<\/span><\/summary>\n<p><a href=\"https:\/\/www.gardiensdesunivers.fr\/?page_id=10692\">Cliquez sur ce lien !<\/a><\/p>\n<\/details>\n<details>\n<summary><span style=\"color: cornflowerblue;\">Vous avez une partie \u00e0 proposer ?<\/span><\/summary>\n<p><a href=\"https:\/\/www.gardiensdesunivers.fr\/?page_id=10692\">Cliquez sur ce lien !<\/a><\/p>\n<\/details>\n<details>\n<summary><span style=\"color: cornflowerblue;\">Vous avez une partie \u00e0 proposer ?<\/span><\/summary>\n<p><a href=\"https:\/\/www.gardiensdesunivers.fr\/?page_id=10692\">Cliquez sur ce lien !<\/a><\/p>\n<\/details>\n<details>\n<summary><span style=\"color: cornflowerblue;\">Vous avez une partie \u00e0 proposer ?<\/span><\/summary>\n<p><a href=\"https:\/\/www.gardiensdesunivers.fr\/?page_id=10692\">Cliquez sur ce lien !<\/a><\/p>\n<\/details>\n<details>\n<summary><span style=\"color: cornflowerblue;\">Vous avez une partie \u00e0 proposer ?<\/span><\/summary>\n<p><a href=\"https:\/\/www.gardiensdesunivers.fr\/?page_id=10692\">Cliquez sur ce lien !<\/a><\/p>\n<\/details>\n<\/li>\n<\/ul>\n<\/li>\n<\/ul>\n<\/div><\/section><\/div><div class=\"flex_column av_one_half  flex_column_div av-zero-column-padding first  \" style='background-color:#efefef; border-radius:0px; '><p><section class=\"av_textblock_section \"  itemscope=\"itemscope\" itemtype=\"https:\/\/schema.org\/CreativeWork\" ><div class='avia_textblock  '   itemprop=\"text\" ><\/div><\/section><br \/>\n<div style='height:50px' class='hr hr-invisible  '><span class='hr-inner ' ><span class='hr-inner-style'><\/span><\/span><\/div><br \/>\n<section class=\"av_textblock_section \"  itemscope=\"itemscope\" itemtype=\"https:\/\/schema.org\/CreativeWork\" ><div class='avia_textblock  '   itemprop=\"text\" ><\/div><\/section><br \/>\n<div style='height:50px' class='hr hr-invisible  '><span class='hr-inner ' ><span class='hr-inner-style'><\/span><\/span><\/div><br \/>\n<section class=\"av_textblock_section \"  itemscope=\"itemscope\" itemtype=\"https:\/\/schema.org\/CreativeWork\" ><div class='avia_textblock  '   itemprop=\"text\" ><\/div><\/section><\/p><\/div><\/p>\n<div class=\"flex_column av_one_half  flex_column_div av-zero-column-padding   \" style='background-color:#efefef; border-radius:0px; '><p><section class=\"av_textblock_section \"  itemscope=\"itemscope\" itemtype=\"https:\/\/schema.org\/CreativeWork\" ><div class='avia_textblock  '   itemprop=\"text\" ><\/div><\/section><br \/>\n<div style='height:50px' class='hr hr-invisible  '><span class='hr-inner ' ><span class='hr-inner-style'><\/span><\/span><\/div><\/p><\/div>\n<section class=\"av_textblock_section \"  itemscope=\"itemscope\" itemtype=\"https:\/\/schema.org\/CreativeWork\" ><div class='avia_textblock  '   itemprop=\"text\" ><\/div><\/section>\n","protected":false},"excerpt":{"rendered":"","protected":false},"author":8,"featured_media":0,"parent":0,"menu_order":0,"comment_status":"closed","ping_status":"closed","template":"","meta":{"_bbp_topic_count":0,"_bbp_reply_count":0,"_bbp_total_topic_count":0,"_bbp_total_reply_count":0,"_bbp_voice_count":0,"_bbp_anonymous_reply_count":0,"_bbp_topic_count_hidden":0,"_bbp_reply_count_hidden":0,"_bbp_forum_subforum_count":0,"footnotes":""},"_links":{"self":[{"href":"https:\/\/www.gardiensdesunivers.fr\/index.php?rest_route=\/wp\/v2\/pages\/8995"}],"collection":[{"href":"https:\/\/www.gardiensdesunivers.fr\/index.php?rest_route=\/wp\/v2\/pages"}],"about":[{"href":"https:\/\/www.gardiensdesunivers.fr\/index.php?rest_route=\/wp\/v2\/types\/page"}],"author":[{"embeddable":true,"href":"https:\/\/www.gardiensdesunivers.fr\/index.php?rest_route=\/wp\/v2\/users\/8"}],"replies":[{"embeddable":true,"href":"https:\/\/www.gardiensdesunivers.fr\/index.php?rest_route=%2Fwp%2Fv2%2Fcomments&post=8995"}],"version-history":[{"count":0,"href":"https:\/\/www.gardiensdesunivers.fr\/index.php?rest_route=\/wp\/v2\/pages\/8995\/revisions"}],"wp:attachment":[{"href":"https:\/\/www.gardiensdesunivers.fr\/index.php?rest_route=%2Fwp%2Fv2%2Fmedia&parent=8995"}],"curies":[{"name":"wp","href":"https:\/\/api.w.org\/{rel}","templated":true}]}}