{"id":861,"date":"2013-04-29T08:49:44","date_gmt":"2013-04-29T07:49:44","guid":{"rendered":"http:\/\/www.gardiensdesunivers.fr\/?page_id=861"},"modified":"2013-12-29T23:38:18","modified_gmt":"2013-12-29T22:38:18","slug":"les-archers-noirs","status":"publish","type":"page","link":"https:\/\/www.gardiensdesunivers.fr\/?page_id=861","title":{"rendered":"Les Archers Noirs"},"content":{"rendered":"<\/div><\/div><\/div><!-- close content main div --><\/div><\/div><div id='full_slider_1' class='avia-fullwidth-slider main_color avia-shadow   container_wrap sidebar_right'   ><div  data-size='featured'  data-lightbox_size='large'  data-animation='slide'  data-ids='1888'  data-video_counter='0'  data-autoplay='false'  data-bg_slider='false'  data-slide_height=''  data-handle='av_slideshow_full'  data-interval='5'  data-class=' '  data-css_id=''  data-scroll_down=''  data-control_layout='av-control-default'  data-custom_markup=''  data-perma_caption=''  data-autoplay_stopper=''  data-image_attachment=''  data-min_height='0px'  data-src=''  data-position='top left'  data-repeat='no-repeat'  data-attach='scroll'  data-stretch=''  data-default-height='28.666666666667'  class='avia-slideshow avia-slideshow-1  av-control-default av-default-height-applied avia-slideshow-featured av_slideshow_full   avia-slide-slider '  itemprop=\"ImageObject\" itemscope=\"itemscope\" itemtype=\"https:\/\/schema.org\/ImageObject\" ><ul class='avia-slideshow-inner' style='padding-bottom: 12.5%;'><li  class=' av-single-slide slide-1 ' ><div data-rel='slideshow-1' class='avia-slide-wrap'  ><div class = \"caption_fullwidth av-slideshow-caption caption_left caption_left_framed caption_framed\"><div class = \"container caption_container\"><div class = \"slideshow_caption\"><div class = \"slideshow_inner_caption\"><div class = \"slideshow_align_caption\"><h2  class='avia-caption-title '  itemprop=\"name\" >Les Archers Noirs<\/h2><\/div><\/div><\/div><\/div><\/div><img src='https:\/\/www.gardiensdesunivers.fr\/wp-content\/uploads\/2013\/04\/mordh.jpg' width='1200' height='150' title='mordh' alt=''  itemprop=\"thumbnailUrl\"   \/><\/div><\/li><\/ul><\/div><\/div>\n<div class='avia-image-container  av-styling-    avia-align-center '  itemprop=\"ImageObject\" itemscope=\"itemscope\" itemtype=\"https:\/\/schema.org\/ImageObject\"  ><div class='avia-image-container-inner'><img class='avia_image ' src='https:\/\/www.gardiensdesunivers.fr\/wp-content\/uploads\/2013\/04\/DSC_5819.jpg' alt='' title=''   itemprop=\"thumbnailUrl\"  \/><\/div><\/div>\n<section class=\"av_textblock_section \"  itemscope=\"itemscope\" itemtype=\"https:\/\/schema.org\/CreativeWork\" ><div class='avia_textblock  '   itemprop=\"text\" ><p style=\"text-align: left;\"><strong>Exp\u00e9rience totale : <\/strong>91<br \/>\n<strong>Valeur de bande :<\/strong>\u00a081 + (9 x 5) = 136<\/p>\n<p><strong>Magot :<\/strong>\u00a028 Co<br \/>\n<strong>R\u00e9serve d&rsquo;\u00e9quipement :<\/strong>\u00a0&#8211;<\/p>\n<h3>Gunther Eberhard &#8211; Capitaine<\/h3>\n<table width=\"100%\">\n<tbody>\n<tr>\n<td><strong>M<\/strong><\/td>\n<td><strong>CC<\/strong><\/td>\n<td><strong>CT<\/strong><\/td>\n<td><strong>F<\/strong><\/td>\n<td><strong>E<\/strong><\/td>\n<td><strong>B<\/strong><\/td>\n<td><strong>I<\/strong><\/td>\n<td><strong>A<\/strong><\/td>\n<td><strong>Cd<\/strong><\/td>\n<\/tr>\n<tr>\n<td>4<\/td>\n<td>4<\/td>\n<td>3<\/td>\n<td>3<\/td>\n<td>3<\/td>\n<td>1<\/td>\n<td>4<\/td>\n<td>2<\/td>\n<td>8<\/td>\n<\/tr>\n<\/tbody>\n<\/table>\n<p><strong>\u00c9quipement :<\/strong> arc [port\u00e9e 24], \u00e9p\u00e9e [parade], bouclier, armure l\u00e9g\u00e8re<br \/>\n<strong>Comp\u00e9tences :<\/strong> Prospection [peut relancer un d\u00e9 de prospection]<br \/>\n<strong>Exp\u00e9rience :<\/strong>\u00a030<\/p>\n<h3>Judi &#8211; Champion<\/h3>\n<table width=\"100%\">\n<tbody>\n<tr>\n<td><strong>M<\/strong><\/td>\n<td><strong>CC<\/strong><\/td>\n<td><strong>CT<\/strong><\/td>\n<td><strong>F<\/strong><\/td>\n<td><strong>E<\/strong><\/td>\n<td><strong>B<\/strong><\/td>\n<td><strong>I<\/strong><\/td>\n<td><strong>A<\/strong><\/td>\n<td><strong>Cd<\/strong><\/td>\n<\/tr>\n<tr>\n<td>4<\/td>\n<td>4<\/td>\n<td>3<\/td>\n<td>3<\/td>\n<td>3<\/td>\n<td>1<\/td>\n<td>3<\/td>\n<td>2<\/td>\n<td>7<\/td>\n<\/tr>\n<\/tbody>\n<\/table>\n<p><strong>\u00c9quipement :<\/strong>\u00a0arc [port\u00e9e 24], \u00e9p\u00e9e [parade], bouclier, armure l\u00e9g\u00e8re<br \/>\n<strong>Comp\u00e9tence :<\/strong> Coup pr\u00e9cis [+1 aux jets de d\u00e9g\u00e2ts au corps \u00e0 corps]<br \/>\n<strong>Exp\u00e9rience :<\/strong>\u00a014<\/p>\n<h3>Branulf &#8211; Champion<\/h3>\n<table width=\"100%\">\n<tbody>\n<tr>\n<td><strong>M<\/strong><\/td>\n<td><strong>CC<\/strong><\/td>\n<td><strong>CT<\/strong><\/td>\n<td><strong>F<\/strong><\/td>\n<td><strong>E<\/strong><\/td>\n<td><strong>B<\/strong><\/td>\n<td><strong>I<\/strong><\/td>\n<td><strong>A<\/strong><\/td>\n<td><strong>Cd<\/strong><\/td>\n<\/tr>\n<tr>\n<td>4<\/td>\n<td>4<\/td>\n<td>3<\/td>\n<td>3<\/td>\n<td>3<\/td>\n<td>1<\/td>\n<td>3<\/td>\n<td>1<\/td>\n<td>7<\/td>\n<\/tr>\n<\/tbody>\n<\/table>\n<p><strong>\u00c9quipement :<\/strong>\u00a0arc [port\u00e9e 24], \u00e9p\u00e9e [parade], bouclier<br \/>\n<strong>Comp\u00e9tences :<\/strong> Tireur d&rsquo;\u00e9lite [ignore le malus de couvert de la cible quand il tire] ; Tir rapide [tire \u00a02 fois par tour]<br \/>\n<strong>Sp\u00e9cial :<\/strong> Haine des mercenaires humains<br \/>\n<strong>Exp\u00e9rience :<\/strong>\u00a016<\/p>\n<h3>Hans &#8211; Recrue<\/h3>\n<table width=\"100%\">\n<tbody>\n<tr>\n<td><strong>M<\/strong><\/td>\n<td><strong>CC<\/strong><\/td>\n<td><strong>CT<\/strong><\/td>\n<td><strong>F<\/strong><\/td>\n<td><strong>E<\/strong><\/td>\n<td><strong>B<\/strong><\/td>\n<td><strong>I<\/strong><\/td>\n<td><strong>A<\/strong><\/td>\n<td><strong>Cd<\/strong><\/td>\n<\/tr>\n<tr>\n<td>4<\/td>\n<td>2<\/td>\n<td>2<\/td>\n<td>3<\/td>\n<td>3<\/td>\n<td>1<\/td>\n<td>4<\/td>\n<td>1<\/td>\n<td>6<\/td>\n<\/tr>\n<\/tbody>\n<\/table>\n<p><strong>\u00c9quipement :<\/strong> arc [port\u00e9e 24], \u00e9p\u00e9e [parade], bouclier, armure l\u00e9g\u00e8re<br \/>\n<strong>Comp\u00e9tences :<\/strong> Tir rapide [tire 2 fois par tour] ; Oeil de faucon [+6ps \u00e0 la port\u00e9e des tirs]<br \/>\n<strong>Exp\u00e9rience :<\/strong>\u00a08<\/p>\n<h3>Dieter &#8211; Recrue<\/h3>\n<table width=\"100%\">\n<tbody>\n<tr>\n<td><strong>M<\/strong><\/td>\n<td><strong>CC<\/strong><\/td>\n<td><strong>CT<\/strong><\/td>\n<td><strong>F<\/strong><\/td>\n<td><strong>E<\/strong><\/td>\n<td><strong>B<\/strong><\/td>\n<td><strong>I<\/strong><\/td>\n<td><strong>A<\/strong><\/td>\n<td><strong>Cd<\/strong><\/td>\n<\/tr>\n<tr>\n<td>4<\/td>\n<td>2<\/td>\n<td>2<\/td>\n<td>4<\/td>\n<td>3<\/td>\n<td>1<\/td>\n<td>4<\/td>\n<td>1<\/td>\n<td>6<\/td>\n<\/tr>\n<\/tbody>\n<\/table>\n<p><strong>\u00c9quipement :<\/strong> arc [port\u00e9e 24], \u00e9p\u00e9e [parade]<br \/>\n<strong>Comp\u00e9tences :<\/strong>\u00a0Tir rapide [tire 2 fois par tour]<br \/>\n<strong>Exp\u00e9rience :<\/strong>\u00a03<\/p>\n<h3>Wulfram &#8211; Tireur dou\u00e9<\/h3>\n<table width=\"100%\">\n<tbody>\n<tr>\n<td><strong>M<\/strong><\/td>\n<td><strong>CC<\/strong><\/td>\n<td><strong>CT<\/strong><\/td>\n<td><strong>F<\/strong><\/td>\n<td><strong>E<\/strong><\/td>\n<td><strong>B<\/strong><\/td>\n<td><strong>I<\/strong><\/td>\n<td><strong>A<\/strong><\/td>\n<td><strong>Cd<\/strong><\/td>\n<\/tr>\n<tr>\n<td>4<\/td>\n<td>3<\/td>\n<td>5<\/td>\n<td>3<\/td>\n<td>4<\/td>\n<td>1<\/td>\n<td>3<\/td>\n<td>1<\/td>\n<td>7<\/td>\n<\/tr>\n<\/tbody>\n<\/table>\n<p><strong>\u00c9quipement :<\/strong>\u00a0arc [port\u00e9e 24], \u00e9p\u00e9e [parade], bouclier, armure l\u00e9g\u00e8re<br \/>\nListes de comp\u00e9tences : Tir et Combat<br \/>\n<strong>Exp\u00e9rience :<\/strong>\u00a05<\/p>\n<h3>Les Jeunes Fl\u00e8ches &#8211; 3 hommes de mains (tireurs)<\/h3>\n<table width=\"100%\">\n<tbody>\n<tr>\n<td><strong>M<\/strong><\/td>\n<td><strong>CC<\/strong><\/td>\n<td><strong>CT<\/strong><\/td>\n<td><strong>F<\/strong><\/td>\n<td><strong>E<\/strong><\/td>\n<td><strong>B<\/strong><\/td>\n<td><strong>I<\/strong><\/td>\n<td><strong>A<\/strong><\/td>\n<td><strong>Cd<\/strong><\/td>\n<\/tr>\n<tr>\n<td>4<\/td>\n<td>3<\/td>\n<td>5<\/td>\n<td>3<\/td>\n<td>3<\/td>\n<td>1<\/td>\n<td>3<\/td>\n<td>1<\/td>\n<td>7<\/td>\n<\/tr>\n<\/tbody>\n<\/table>\n<p><strong>\u00c9quipement :<\/strong> arc [port\u00e9e 24], \u00e9p\u00e9e [parade], bouclier, armure l\u00e9g\u00e8re<br \/>\n<strong>Exp\u00e9rience :<\/strong>\u00a05<\/p>\n<h2>Historique de la bande<\/h2>\n<ul>\n<li><strong>27\/04\/2013 : Bataille contre les Annonciateurs du Renouveau.<\/strong> D\u00e9faite.<br \/>\n<em>Exploration :<\/em> 6 pierres magiques et une carte vague de Mordheim [55 Carosse].<\/li>\n<li><strong>10\/05\/2013 : Bataille contre le Gobs Band Tour<\/strong>.Victoire<br \/>\n<em>Exploration :<\/em> 3 pierres magiques et un vagabond [44 Vagabond]<\/li>\n<li>15\/05\/2013 : <strong>Bataille contre Elessar Celebrindal<\/strong>. Victoire<br \/>\n<em>Exploration :<\/em> 4 pierres magiques et un march\u00e9 couvert [555] (6 CO).<\/li>\n<li>22\/12\/2013 : <strong>Bataille contre les Marienburger.<\/strong> Victoire<\/li>\n<li>29\/12\/2013 : <strong>Bataille contre les Annonciateurs du Renouveau.<\/strong> D\u00e9faite<\/li>\n<li>29\/12\/2013 : <strong>Bataille contre les Marienburger.<\/strong> D\u00e9faite<\/li>\n<\/ul>\n<\/div><\/section>\n","protected":false},"excerpt":{"rendered":"","protected":false},"author":1,"featured_media":0,"parent":770,"menu_order":0,"comment_status":"open","ping_status":"open","template":"","meta":{"_bbp_topic_count":0,"_bbp_reply_count":0,"_bbp_total_topic_count":0,"_bbp_total_reply_count":0,"_bbp_voice_count":0,"_bbp_anonymous_reply_count":0,"_bbp_topic_count_hidden":0,"_bbp_reply_count_hidden":0,"_bbp_forum_subforum_count":0,"footnotes":""},"_links":{"self":[{"href":"https:\/\/www.gardiensdesunivers.fr\/index.php?rest_route=\/wp\/v2\/pages\/861"}],"collection":[{"href":"https:\/\/www.gardiensdesunivers.fr\/index.php?rest_route=\/wp\/v2\/pages"}],"about":[{"href":"https:\/\/www.gardiensdesunivers.fr\/index.php?rest_route=\/wp\/v2\/types\/page"}],"author":[{"embeddable":true,"href":"https:\/\/www.gardiensdesunivers.fr\/index.php?rest_route=\/wp\/v2\/users\/1"}],"replies":[{"embeddable":true,"href":"https:\/\/www.gardiensdesunivers.fr\/index.php?rest_route=%2Fwp%2Fv2%2Fcomments&post=861"}],"version-history":[{"count":0,"href":"https:\/\/www.gardiensdesunivers.fr\/index.php?rest_route=\/wp\/v2\/pages\/861\/revisions"}],"up":[{"embeddable":true,"href":"https:\/\/www.gardiensdesunivers.fr\/index.php?rest_route=\/wp\/v2\/pages\/770"}],"wp:attachment":[{"href":"https:\/\/www.gardiensdesunivers.fr\/index.php?rest_route=%2Fwp%2Fv2%2Fmedia&parent=861"}],"curies":[{"name":"wp","href":"https:\/\/api.w.org\/{rel}","templated":true}]}}