{"id":60,"date":"2013-03-31T13:17:06","date_gmt":"2013-03-31T12:17:06","guid":{"rendered":"http:\/\/gardiens.phpnet.org\/?page_id=60"},"modified":"2026-03-20T11:16:52","modified_gmt":"2026-03-20T10:16:52","slug":"bienvenue-chez-les-gardiens-des-univers-ludiques","status":"publish","type":"page","link":"https:\/\/www.gardiensdesunivers.fr\/","title":{"rendered":"Bienvenue chez les Gardiens des Univers Ludiques"},"content":{"rendered":"<div id='layer_slider_1' class='avia-layerslider main_color avia-shadow  container_wrap sidebar_right'    style='height: 501px;' ><\/div>\n<div class=\"flex_column av_one_half  flex_column_div av-zero-column-padding first  \" style='border-radius:0px; '><p><section class=\"av_textblock_section \"  itemscope=\"itemscope\" itemtype=\"https:\/\/schema.org\/CreativeWork\" ><div class='avia_textblock  '   itemprop=\"text\" ><p><em>Un samedi sur deux, de 14 h \u00e0 minuit, nous vous proposons du jeu de r\u00f4le, du Magic: The Gathering et d\u2019autres joyeuset\u00e9s.<\/em><br \/>\n<em> Nous nous retrouvons \u00e0 la <a href=\"\/\/www.google.com\/maps\/@45.4078057,2.0450599,3a,75y,248.81h,93.33t\/data=!3m6!1e1!3m4!1sLqlWL7JMBy066m-4n8f1hA!2e0!7i16384!8i8192\" target=\"_blank\" rel=\"noopener\">salle de la Chapelle des P\u00e9nitents<\/a>, sur la place du Marchadial !<\/em><\/p>\n<\/div><\/section><br \/>\n<section class=\"av_textblock_section \"  itemscope=\"itemscope\" itemtype=\"https:\/\/schema.org\/CreativeWork\" ><div class='avia_textblock  '   itemprop=\"text\" ><p><em>Un vendredi sur deux, nous vous proposons du jeu de figurines.<\/em><br \/>\n<em> Nous nous retrouvons \u00e0 partir de 20h, au Foyer Intercommunal d&rsquo;\u00c9ducation Populaire (impasse de la fontaine des bergers) \u00e0 <a href=\"0x405d39260ee6fa0!8m2!3d45.382449!4d2.272544!16s%2Fm%2F03md4np?entry=ttu\" target=\"_blank\" rel=\"noopener\">Neuvic<\/a> !<\/em><\/p>\n<\/div><\/section><\/p><\/div>\n<div class=\"flex_column av_one_half  flex_column_div av-zero-column-padding   \" style='border-radius:0px; '><section class=\"av_textblock_section \"  itemscope=\"itemscope\" itemtype=\"https:\/\/schema.org\/CreativeWork\" ><div class='avia_textblock  '   itemprop=\"text\" ><h3>Informations importantes :<\/h3>\n<\/div><\/section><br \/>\n<section class=\"av_textblock_section \"  itemscope=\"itemscope\" itemtype=\"https:\/\/schema.org\/CreativeWork\" ><div class='avia_textblock  '   itemprop=\"text\" ><p><b>Festival de jeux 2026<\/b><br \/>\nLes Univers Ludiques 2026 auront lieu les 1, 2 et 3 mai 2026 au Mille Club, \u00e0 Egletons ! Venez nombreux !<\/p>\n<\/div><\/section><br \/>\n<section class=\"avia_codeblock_section  avia_code_block_0\"  itemscope=\"itemscope\" itemtype=\"https:\/\/schema.org\/CreativeWork\" ><div class='avia_codeblock '  itemprop=\"text\" > [avia_codeblock_placeholder uid=\"0\"] <\/div><\/section><br \/>\n<section class=\"avia_codeblock_section  avia_code_block_1\"  itemscope=\"itemscope\" itemtype=\"https:\/\/schema.org\/CreativeWork\" ><div class='avia_codeblock '  itemprop=\"text\" > [avia_codeblock_placeholder uid=\"1\"] <\/div><\/section><\/p><\/div><div class=\"flex_column av_one_half  flex_column_div av-zero-column-padding first  \" style='border-radius:0px; '><section class=\"avia_codeblock_section  avia_code_block_2\"  itemscope=\"itemscope\" itemtype=\"https:\/\/schema.org\/CreativeWork\" ><div class='avia_codeblock '  itemprop=\"text\" > [avia_codeblock_placeholder uid=\"2\"] <\/div><\/section><\/div><\/p>\n<div class=\"flex_column av_one_half  flex_column_div av-zero-column-padding   \" style='border-radius:0px; '><section class=\"avia_codeblock_section  avia_code_block_3\"  itemscope=\"itemscope\" itemtype=\"https:\/\/schema.org\/CreativeWork\" ><div class='avia_codeblock '  itemprop=\"text\" > [avia_codeblock_placeholder uid=\"3\"] <\/div><\/section><\/div>\n<div class=\"flex_column av_one_full  flex_column_div av-zero-column-padding first  \" style='border-radius:0px; '><div  data-autoplay=''  data-interval='5'  data-animation='fade'  data-show_slide_delay='90'  class='avia-content-slider avia-content-grid-active avia-content-slider1 avia-content-slider-even  '  itemscope=\"itemscope\" itemtype=\"https:\/\/schema.org\/Blog\" ><div class='avia-content-slider-inner'><div class='slide-entry-wrap'><article class='slide-entry flex_column  post-entry post-entry-11480 slide-entry-overview slide-loop-1 slide-parity-odd  av_one_fourth first real-thumbnail'  itemscope=\"itemscope\" itemtype=\"https:\/\/schema.org\/BlogPosting\" itemprop=\"blogPost\" ><a href='https:\/\/www.gardiensdesunivers.fr\/?p=11480' data-rel='slide-1' class='slide-image' title=''><img width=\"260\" height=\"185\" src=\"https:\/\/www.gardiensdesunivers.fr\/wp-content\/uploads\/2025\/09\/38182-jeux-de-cartes-a-collectionner-magic-the-gathering-collection-complete-marvel-s-spider-man-set-complet-classique-260x185.jpg\" class=\"attachment-portfolio_small size-portfolio_small wp-post-image\" alt=\"\" decoding=\"async\" \/><\/a><div class='slide-content'><header class=\"entry-content-header\"><h3 class='slide-entry-title entry-title'  itemprop=\"headline\" ><a href='https:\/\/www.gardiensdesunivers.fr\/?p=11480' title='Draft \u00ab MTG x Spider-Man \u00bb'>Draft \u00ab MTG x Spider-Man \u00bb<\/a><\/h3><span class=\"av-vertical-delimiter\"><\/span><\/header><div class='slide-meta'><div class='slide-meta-comments'><a href='https:\/\/www.gardiensdesunivers.fr\/?p=11480#respond'>0 Commentaires<\/a><\/div><div class='slide-meta-del'>\/<\/div><time class='slide-meta-time updated'  itemprop=\"datePublished\" datetime=\"2025-09-25T09:48:52+02:00\" >25 septembre 2025<\/time><\/div><div class='slide-entry-excerpt entry-content'  itemprop=\"text\" >Les Gardiens des Univers Ludiques organisent un tournoi en Draft\u2026<\/div><\/div><footer class=\"entry-footer\"><\/footer><span class='hidden'>\n\t\t\t<span class='av-structured-data'  itemprop=\"ImageObject\" itemscope=\"itemscope\" itemtype=\"https:\/\/schema.org\/ImageObject\"  itemprop='image'>\n\t\t\t\t\t   <span itemprop='url' >https:\/\/www.gardiensdesunivers.fr\/wp-content\/uploads\/2025\/09\/38182-jeux-de-cartes-a-collectionner-magic-the-gathering-collection-complete-marvel-s-spider-man-set-complet-classique.jpg<\/span>\n\t\t\t\t\t   <span itemprop='height' >1000<\/span>\n\t\t\t\t\t   <span itemprop='width' >1000<\/span>\n\t\t\t\t  <\/span><span class='av-structured-data'  itemprop=\"publisher\" itemtype=\"https:\/\/schema.org\/Organization\" itemscope=\"itemscope\" >\n\t\t\t\t<span itemprop='name'>Dimitri<\/span>\n\t\t\t\t<span itemprop='logo' itemscope itemtype='http:\/\/schema.org\/ImageObject'>\n\t\t\t\t   <span itemprop='url'>https:\/\/www.gardiensdesunivers.fr\/wp-content\/uploads\/2019\/01\/GardiensDesUniversLudiquesLogo-300x75.png<\/span>\n\t\t\t\t <\/span>\n\t\t\t  <\/span><span class='av-structured-data'  itemprop=\"author\" itemscope=\"itemscope\" itemtype=\"https:\/\/schema.org\/Person\" ><span itemprop='name'>Dimitri<\/span><\/span><span class='av-structured-data'  itemprop=\"datePublished\" datetime=\"2025-04-15T19:17:17+02:00\" >2025-09-25 09:48:52<\/span><span class='av-structured-data'  itemprop=\"dateModified\" itemtype=\"https:\/\/schema.org\/dateModified\" >2025-09-25 09:48:52<\/span><span class='av-structured-data'  itemprop=\"mainEntityOfPage\" itemtype=\"https:\/\/schema.org\/mainEntityOfPage\" ><span itemprop='name'>Draft \u00ab MTG x Spider-Man \u00bb<\/span><\/span><\/span><\/article><article class='slide-entry flex_column  post-entry post-entry-11475 slide-entry-overview slide-loop-2 slide-parity-even  av_one_fourth  fake-thumbnail'  itemscope=\"itemscope\" itemtype=\"https:\/\/schema.org\/BlogPosting\" itemprop=\"blogPost\" ><a href='https:\/\/www.gardiensdesunivers.fr\/?p=11475' data-rel='slide-1' class='slide-image' title=''><span class=' fallback-post-type-icon' aria-hidden='true' data-av_icon='\ue836' data-av_iconfont='entypo-fontello'><\/span><span class='slider-fallback-image'><img width=\"260\" height=\"185\" src=\"https:\/\/www.gardiensdesunivers.fr\/wp-content\/uploads\/2025\/04\/82654585007-tdm-sma-key-1600-x-841-en-260x185.webp\" class=\"attachment-portfolio_small size-portfolio_small wp-post-image\" alt=\"\" decoding=\"async\" \/><\/span><\/a><div class='slide-content'><header class=\"entry-content-header\"><h3 class='slide-entry-title entry-title'  itemprop=\"headline\" ><a href='https:\/\/www.gardiensdesunivers.fr\/?p=11475' title='Draft \u00ab MTG x Spider-Man \u00bb'>Draft \u00ab MTG x Spider-Man \u00bb<\/a><\/h3><span class=\"av-vertical-delimiter\"><\/span><\/header><div class='slide-meta'><div class='slide-meta-comments'><a href='https:\/\/www.gardiensdesunivers.fr\/?p=11475#respond'>0 Commentaires<\/a><\/div><div class='slide-meta-del'>\/<\/div><time class='slide-meta-time updated'  itemprop=\"datePublished\" datetime=\"2025-09-25T09:46:23+02:00\" >25 septembre 2025<\/time><\/div><div class='slide-entry-excerpt entry-content'  itemprop=\"text\" >Les Gardiens des Univers Ludiques organisent un tournoi en Draft\u2026<\/div><\/div><footer class=\"entry-footer\"><\/footer><span class='hidden'>\n\t\t\t<span class='av-structured-data'  itemprop=\"ImageObject\" itemscope=\"itemscope\" itemtype=\"https:\/\/schema.org\/ImageObject\"  itemprop='image'>\n\t\t\t\t\t   <span itemprop='url' >https:\/\/www.gardiensdesunivers.fr\/wp-content\/uploads\/2019\/01\/GardiensDesUniversLudiquesLogo-300x75.png<\/span>\n\t\t\t\t\t   <span itemprop='height' >0<\/span>\n\t\t\t\t\t   <span itemprop='width' >0<\/span>\n\t\t\t\t  <\/span><span class='av-structured-data'  itemprop=\"publisher\" itemtype=\"https:\/\/schema.org\/Organization\" itemscope=\"itemscope\" >\n\t\t\t\t<span itemprop='name'>Dimitri<\/span>\n\t\t\t\t<span itemprop='logo' itemscope itemtype='http:\/\/schema.org\/ImageObject'>\n\t\t\t\t   <span itemprop='url'>https:\/\/www.gardiensdesunivers.fr\/wp-content\/uploads\/2019\/01\/GardiensDesUniversLudiquesLogo-300x75.png<\/span>\n\t\t\t\t <\/span>\n\t\t\t  <\/span><span class='av-structured-data'  itemprop=\"author\" itemscope=\"itemscope\" itemtype=\"https:\/\/schema.org\/Person\" ><span itemprop='name'>Dimitri<\/span><\/span><span class='av-structured-data'  itemprop=\"datePublished\" datetime=\"2025-04-15T19:17:17+02:00\" >2025-09-25 09:46:23<\/span><span class='av-structured-data'  itemprop=\"dateModified\" itemtype=\"https:\/\/schema.org\/dateModified\" >2025-09-25 09:46:23<\/span><span class='av-structured-data'  itemprop=\"mainEntityOfPage\" itemtype=\"https:\/\/schema.org\/mainEntityOfPage\" ><span itemprop='name'>Draft \u00ab MTG x Spider-Man \u00bb<\/span><\/span><\/span><\/article><article class='slide-entry flex_column  post-entry post-entry-11459 slide-entry-overview slide-loop-3 slide-parity-odd  av_one_fourth  real-thumbnail'  itemscope=\"itemscope\" itemtype=\"https:\/\/schema.org\/BlogPosting\" itemprop=\"blogPost\" ><a href='https:\/\/www.gardiensdesunivers.fr\/?p=11459' data-rel='slide-1' class='slide-image' title=''><img width=\"260\" height=\"185\" src=\"https:\/\/www.gardiensdesunivers.fr\/wp-content\/uploads\/2025\/08\/mag-260x185.png\" class=\"attachment-portfolio_small size-portfolio_small wp-post-image\" alt=\"\" decoding=\"async\" srcset=\"https:\/\/www.gardiensdesunivers.fr\/wp-content\/uploads\/2025\/08\/mag-260x185.png 260w, https:\/\/www.gardiensdesunivers.fr\/wp-content\/uploads\/2025\/08\/mag-495x350.png 495w, https:\/\/www.gardiensdesunivers.fr\/wp-content\/uploads\/2025\/08\/mag-24x17.png 24w, https:\/\/www.gardiensdesunivers.fr\/wp-content\/uploads\/2025\/08\/mag-36x25.png 36w, https:\/\/www.gardiensdesunivers.fr\/wp-content\/uploads\/2025\/08\/mag-48x34.png 48w\" sizes=\"(max-width: 260px) 100vw, 260px\" \/><\/a><div class='slide-content'><header class=\"entry-content-header\"><h3 class='slide-entry-title entry-title'  itemprop=\"headline\" ><a href='https:\/\/www.gardiensdesunivers.fr\/?p=11459' title='Draft \u00ab Aux portes des \u00c9ternit\u00e9s \u00bb'>Draft \u00ab Aux portes des \u00c9ternit\u00e9s \u00bb<\/a><\/h3><span class=\"av-vertical-delimiter\"><\/span><\/header><div class='slide-meta'><div class='slide-meta-comments'><a href='https:\/\/www.gardiensdesunivers.fr\/?p=11459#respond'>0 Commentaires<\/a><\/div><div class='slide-meta-del'>\/<\/div><time class='slide-meta-time updated'  itemprop=\"datePublished\" datetime=\"2025-08-27T09:55:51+02:00\" >27 ao\u00fbt 2025<\/time><\/div><div class='slide-entry-excerpt entry-content'  itemprop=\"text\" >Les Gardiens des Univers Ludiques organisent un tournoi en Draft\u2026<\/div><\/div><footer class=\"entry-footer\"><\/footer><span class='hidden'>\n\t\t\t<span class='av-structured-data'  itemprop=\"ImageObject\" itemscope=\"itemscope\" itemtype=\"https:\/\/schema.org\/ImageObject\"  itemprop='image'>\n\t\t\t\t\t   <span itemprop='url' >https:\/\/www.gardiensdesunivers.fr\/wp-content\/uploads\/2025\/08\/mag.png<\/span>\n\t\t\t\t\t   <span itemprop='height' >350<\/span>\n\t\t\t\t\t   <span itemprop='width' >498<\/span>\n\t\t\t\t  <\/span><span class='av-structured-data'  itemprop=\"publisher\" itemtype=\"https:\/\/schema.org\/Organization\" itemscope=\"itemscope\" >\n\t\t\t\t<span itemprop='name'>Dimitri<\/span>\n\t\t\t\t<span itemprop='logo' itemscope itemtype='http:\/\/schema.org\/ImageObject'>\n\t\t\t\t   <span itemprop='url'>https:\/\/www.gardiensdesunivers.fr\/wp-content\/uploads\/2019\/01\/GardiensDesUniversLudiquesLogo-300x75.png<\/span>\n\t\t\t\t <\/span>\n\t\t\t  <\/span><span class='av-structured-data'  itemprop=\"author\" itemscope=\"itemscope\" itemtype=\"https:\/\/schema.org\/Person\" ><span itemprop='name'>Dimitri<\/span><\/span><span class='av-structured-data'  itemprop=\"datePublished\" datetime=\"2025-04-15T19:17:17+02:00\" >2025-08-27 09:55:51<\/span><span class='av-structured-data'  itemprop=\"dateModified\" itemtype=\"https:\/\/schema.org\/dateModified\" >2025-08-27 09:55:51<\/span><span class='av-structured-data'  itemprop=\"mainEntityOfPage\" itemtype=\"https:\/\/schema.org\/mainEntityOfPage\" ><span itemprop='name'>Draft \u00ab Aux portes des \u00c9ternit\u00e9s \u00bb<\/span><\/span><\/span><\/article><article class='slide-entry flex_column  post-entry post-entry-11387 slide-entry-overview slide-loop-4 slide-parity-even  post-entry-last  av_one_fourth  real-thumbnail'  itemscope=\"itemscope\" itemtype=\"https:\/\/schema.org\/BlogPosting\" itemprop=\"blogPost\" ><a href='https:\/\/www.gardiensdesunivers.fr\/?p=11387' data-rel='slide-1' class='slide-image' title=''><img width=\"260\" height=\"185\" src=\"https:\/\/www.gardiensdesunivers.fr\/wp-content\/uploads\/2025\/04\/82654585007-tdm-sma-key-1600-x-841-en-260x185.webp\" class=\"attachment-portfolio_small size-portfolio_small wp-post-image\" alt=\"\" decoding=\"async\" \/><\/a><div class='slide-content'><header class=\"entry-content-header\"><h3 class='slide-entry-title entry-title'  itemprop=\"headline\" ><a href='https:\/\/www.gardiensdesunivers.fr\/?p=11387' title='Draft \u00ab Tarkir : La Temp\u00eate des Dragons \u00bb'>Draft \u00ab Tarkir : La Temp\u00eate des Dragons \u00bb<\/a><\/h3><span class=\"av-vertical-delimiter\"><\/span><\/header><div class='slide-meta'><div class='slide-meta-comments'><a href='https:\/\/www.gardiensdesunivers.fr\/?p=11387#respond'>0 Commentaires<\/a><\/div><div class='slide-meta-del'>\/<\/div><time class='slide-meta-time updated'  itemprop=\"datePublished\" datetime=\"2025-04-15T19:17:17+02:00\" >15 avril 2025<\/time><\/div><div class='slide-entry-excerpt entry-content'  itemprop=\"text\" >Les Gardiens des Univers Ludiques organisent un tournoi en Draft\u2026<\/div><\/div><footer class=\"entry-footer\"><\/footer><span class='hidden'>\n\t\t\t<span class='av-structured-data'  itemprop=\"ImageObject\" itemscope=\"itemscope\" itemtype=\"https:\/\/schema.org\/ImageObject\"  itemprop='image'>\n\t\t\t\t\t   <span itemprop='url' >https:\/\/www.gardiensdesunivers.fr\/wp-content\/uploads\/2025\/04\/82654585007-tdm-sma-key-1600-x-841-en.webp<\/span>\n\t\t\t\t\t   <span itemprop='height' >1346<\/span>\n\t\t\t\t\t   <span itemprop='width' >2560<\/span>\n\t\t\t\t  <\/span><span class='av-structured-data'  itemprop=\"publisher\" itemtype=\"https:\/\/schema.org\/Organization\" itemscope=\"itemscope\" >\n\t\t\t\t<span itemprop='name'>Dimitri<\/span>\n\t\t\t\t<span itemprop='logo' itemscope itemtype='http:\/\/schema.org\/ImageObject'>\n\t\t\t\t   <span itemprop='url'>https:\/\/www.gardiensdesunivers.fr\/wp-content\/uploads\/2019\/01\/GardiensDesUniversLudiquesLogo-300x75.png<\/span>\n\t\t\t\t <\/span>\n\t\t\t  <\/span><span class='av-structured-data'  itemprop=\"author\" itemscope=\"itemscope\" itemtype=\"https:\/\/schema.org\/Person\" ><span itemprop='name'>Dimitri<\/span><\/span><span class='av-structured-data'  itemprop=\"datePublished\" datetime=\"2025-04-15T19:17:17+02:00\" >2025-04-15 19:17:17<\/span><span class='av-structured-data'  itemprop=\"dateModified\" itemtype=\"https:\/\/schema.org\/dateModified\" >2025-04-16 09:53:10<\/span><span class='av-structured-data'  itemprop=\"mainEntityOfPage\" itemtype=\"https:\/\/schema.org\/mainEntityOfPage\" ><span itemprop='name'>Draft \u00ab Tarkir : La Temp\u00eate des Dragons \u00bb<\/span><\/span><\/span><\/article><\/div><\/div><\/div><\/div>\n<div class=\"flex_column av_one_half  flex_column_div av-zero-column-padding first  \" style='border-radius:0px; '><\/div>\n","protected":false},"excerpt":{"rendered":"","protected":false},"author":1,"featured_media":0,"parent":0,"menu_order":0,"comment_status":"open","ping_status":"open","template":"","meta":{"_bbp_topic_count":0,"_bbp_reply_count":0,"_bbp_total_topic_count":0,"_bbp_total_reply_count":0,"_bbp_voice_count":0,"_bbp_anonymous_reply_count":0,"_bbp_topic_count_hidden":0,"_bbp_reply_count_hidden":0,"_bbp_forum_subforum_count":0,"footnotes":""},"_links":{"self":[{"href":"https:\/\/www.gardiensdesunivers.fr\/index.php?rest_route=\/wp\/v2\/pages\/60"}],"collection":[{"href":"https:\/\/www.gardiensdesunivers.fr\/index.php?rest_route=\/wp\/v2\/pages"}],"about":[{"href":"https:\/\/www.gardiensdesunivers.fr\/index.php?rest_route=\/wp\/v2\/types\/page"}],"author":[{"embeddable":true,"href":"https:\/\/www.gardiensdesunivers.fr\/index.php?rest_route=\/wp\/v2\/users\/1"}],"replies":[{"embeddable":true,"href":"https:\/\/www.gardiensdesunivers.fr\/index.php?rest_route=%2Fwp%2Fv2%2Fcomments&post=60"}],"version-history":[{"count":7,"href":"https:\/\/www.gardiensdesunivers.fr\/index.php?rest_route=\/wp\/v2\/pages\/60\/revisions"}],"predecessor-version":[{"id":11529,"href":"https:\/\/www.gardiensdesunivers.fr\/index.php?rest_route=\/wp\/v2\/pages\/60\/revisions\/11529"}],"wp:attachment":[{"href":"https:\/\/www.gardiensdesunivers.fr\/index.php?rest_route=%2Fwp%2Fv2%2Fmedia&parent=60"}],"curies":[{"name":"wp","href":"https:\/\/api.w.org\/{rel}","templated":true}]}}