{"id":5506,"date":"2016-01-04T22:03:47","date_gmt":"2016-01-04T21:03:47","guid":{"rendered":"http:\/\/www.gardiensdesunivers.fr\/?page_id=5506"},"modified":"2018-02-04T18:29:56","modified_gmt":"2018-02-04T17:29:56","slug":"2016-rencontres-ludiques","status":"publish","type":"page","link":"https:\/\/www.gardiensdesunivers.fr\/?page_id=5506","title":{"rendered":"2018 &#8211; Rencontres Ludiques"},"content":{"rendered":"<\/div><\/div><\/div><!-- close content main div --><\/div><\/div><div id='full_slider_1' class='avia-fullwidth-slider main_color avia-shadow   container_wrap sidebar_right'   ><div  data-size='featured'  data-lightbox_size='large'  data-animation='slide'  data-ids='7607'  data-video_counter='0'  data-autoplay='false'  data-bg_slider='false'  data-slide_height=''  data-handle='av_slideshow_full'  data-interval='5'  data-class=' '  data-css_id=''  data-scroll_down=''  data-control_layout='av-control-default'  data-custom_markup=''  data-perma_caption=''  data-autoplay_stopper=''  data-image_attachment=''  data-min_height='0px'  data-src=''  data-position='top left'  data-repeat='no-repeat'  data-attach='scroll'  data-stretch=''  data-default-height='28.666666666667'  class='avia-slideshow avia-slideshow-1  av-control-default av-default-height-applied avia-slideshow-featured av_slideshow_full   avia-slide-slider '  itemprop=\"ImageObject\" itemscope=\"itemscope\" itemtype=\"https:\/\/schema.org\/ImageObject\" ><ul class='avia-slideshow-inner' style='padding-bottom: 28.666666666667%;'><li  class=' av-single-slide slide-1 ' ><div data-rel='slideshow-1' class='avia-slide-wrap'  ><img src='https:\/\/www.gardiensdesunivers.fr\/wp-content\/uploads\/2016\/01\/ban-rl-181-1500x430.jpg' width='1500' height='430' title='ban rl 18' alt=''  itemprop=\"thumbnailUrl\"   \/><\/div><\/li><\/ul><\/div><\/div>\n<div class=\"flex_column av_one_fourth  flex_column_div first  \" ><p><div class='avia-image-container  av-styling-    avia-align-center '  itemprop=\"ImageObject\" itemscope=\"itemscope\" itemtype=\"https:\/\/schema.org\/ImageObject\"  ><div class='avia-image-container-inner'><img class='avia_image ' src='https:\/\/www.gardiensdesunivers.fr\/wp-content\/uploads\/2013\/03\/logo_magic.jpg' alt='' title='logo_magic'   itemprop=\"thumbnailUrl\"  \/><\/div><\/div><br \/>\n<div class='avia-image-container  av-styling-    avia-align-center '  itemprop=\"ImageObject\" itemscope=\"itemscope\" itemtype=\"https:\/\/schema.org\/ImageObject\"  ><div class='avia-image-container-inner'><img class='avia_image ' src='https:\/\/www.gardiensdesunivers.fr\/wp-content\/uploads\/2016\/01\/zombicie.jpg' alt='' title='zombicie'   itemprop=\"thumbnailUrl\"  \/><\/div><\/div><br \/>\n<div class='avia-image-container  av-styling-    avia-align-center '  itemprop=\"ImageObject\" itemscope=\"itemscope\" itemtype=\"https:\/\/schema.org\/ImageObject\"  ><div class='avia-image-container-inner'><img class='avia_image ' src='https:\/\/www.gardiensdesunivers.fr\/wp-content\/uploads\/2016\/01\/chroniques.jpg' alt='' title='chroniques'   itemprop=\"thumbnailUrl\"  \/><\/div><\/div><\/p><\/div>\n<div class=\"flex_column av_one_fourth  flex_column_div   \" ><p><div class='avia-image-container  av-styling-    avia-align-center '  itemprop=\"ImageObject\" itemscope=\"itemscope\" itemtype=\"https:\/\/schema.org\/ImageObject\"  ><div class='avia-image-container-inner'><img class='avia_image ' src='https:\/\/www.gardiensdesunivers.fr\/wp-content\/uploads\/2016\/01\/tet_adc.jpg' alt='' title='tet_adc'   itemprop=\"thumbnailUrl\"  \/><\/div><\/div><br \/>\n<div class='avia-image-container  av-styling-    avia-align-center '  itemprop=\"ImageObject\" itemscope=\"itemscope\" itemtype=\"https:\/\/schema.org\/ImageObject\"  ><div class='avia-image-container-inner'><img class='avia_image ' src='https:\/\/www.gardiensdesunivers.fr\/wp-content\/uploads\/2016\/01\/ryuutama.jpg' alt='' title='ryuutama'   itemprop=\"thumbnailUrl\"  \/><\/div><\/div><br \/>\n<div class='avia-image-container  av-styling-    avia-align-center '  itemprop=\"ImageObject\" itemscope=\"itemscope\" itemtype=\"https:\/\/schema.org\/ImageObject\"  ><div class='avia-image-container-inner'><img class='avia_image ' src='https:\/\/www.gardiensdesunivers.fr\/wp-content\/uploads\/2016\/01\/anneau-unique.jpe' alt='' title='anneau unique'   itemprop=\"thumbnailUrl\"  \/><\/div><\/div><\/p><\/div>\n<div class=\"flex_column av_one_fourth  flex_column_div   \" ><p><div class='avia-image-container  av-styling-    avia-align-center '  itemprop=\"ImageObject\" itemscope=\"itemscope\" itemtype=\"https:\/\/schema.org\/ImageObject\"  ><div class='avia-image-container-inner'><img class='avia_image ' src='https:\/\/www.gardiensdesunivers.fr\/wp-content\/uploads\/2016\/01\/starwars_rebellion_logo.gif' alt='' title='starwars_rebellion_logo'   itemprop=\"thumbnailUrl\"  \/><\/div><\/div><br \/>\n<div class='avia-image-container  av-styling-    avia-align-center '  itemprop=\"ImageObject\" itemscope=\"itemscope\" itemtype=\"https:\/\/schema.org\/ImageObject\"  ><div class='avia-image-container-inner'><img class='avia_image ' src='https:\/\/www.gardiensdesunivers.fr\/wp-content\/uploads\/2014\/11\/Numenera_Logo.png' alt='' title='Numenera_Logo'   itemprop=\"thumbnailUrl\"  \/><\/div><\/div><br \/>\n<div class='avia-image-container  av-styling-    avia-align-center '  itemprop=\"ImageObject\" itemscope=\"itemscope\" itemtype=\"https:\/\/schema.org\/ImageObject\"  ><div class='avia-image-container-inner'><img class='avia_image ' src='https:\/\/www.gardiensdesunivers.fr\/wp-content\/uploads\/2016\/01\/d_d_logo.jpg' alt='' title='d_d_logo'   itemprop=\"thumbnailUrl\"  \/><\/div><\/div><\/p><\/div>\n<div class=\"flex_column av_one_fourth  flex_column_div   \" ><p><div class='avia-image-container  av-styling-    avia-align-center '  itemprop=\"ImageObject\" itemscope=\"itemscope\" itemtype=\"https:\/\/schema.org\/ImageObject\"  ><div class='avia-image-container-inner'><img class='avia_image ' src='https:\/\/www.gardiensdesunivers.fr\/wp-content\/uploads\/2014\/11\/starwars.jpg' alt='' title='starwars'   itemprop=\"thumbnailUrl\"  \/><\/div><\/div><br \/>\n<div class='avia-image-container  av-styling-    avia-align-center '  itemprop=\"ImageObject\" itemscope=\"itemscope\" itemtype=\"https:\/\/schema.org\/ImageObject\"  ><div class='avia-image-container-inner'><img class='avia_image ' src='https:\/\/www.gardiensdesunivers.fr\/wp-content\/uploads\/2016\/01\/the-quiet-year.jpg' alt='' title='the-quiet-year'   itemprop=\"thumbnailUrl\"  \/><\/div><\/div><br \/>\n<div class='avia-image-container  av-styling-    avia-align-center '  itemprop=\"ImageObject\" itemscope=\"itemscope\" itemtype=\"https:\/\/schema.org\/ImageObject\"  ><div class='avia-image-container-inner'><img class='avia_image ' src='https:\/\/www.gardiensdesunivers.fr\/wp-content\/uploads\/2016\/01\/t\u00e9l\u00e9chargement-300x127.png' alt='' title='t\u00e9l\u00e9chargement'   itemprop=\"thumbnailUrl\"  \/><\/div><\/div><\/p><\/div>\n<div class=\"flex_column av_one_third  flex_column_div first  \" ><p><article class=\"iconbox iconbox_top main_color    \"  itemscope=\"itemscope\" itemtype=\"https:\/\/schema.org\/CreativeWork\" ><div class=\"iconbox_content\"><header class=\"entry-content-header\"><a href='https:\/\/www.gardiensdesunivers.fr\/?page_id=3693' title='Vous \u00eates MJ ?'  class=\"iconbox_icon heading-color \" aria-hidden='true' data-av_icon='\ue80a' data-av_iconfont='entypo-fontello'  ><\/a><h3 class='iconbox_content_title '  itemprop=\"headline\"  ><a href='https:\/\/www.gardiensdesunivers.fr\/?page_id=3693' title='Vous \u00eates MJ ?' >Vous \u00eates MJ ?<\/a><\/h3><\/header><div class='iconbox_content_container  '  itemprop=\"text\"  ><p>Si vous \u00eates MJ et que vous souhaitez pr\u00e9senter une ou plusieurs parties de jeux de r\u00f4le pendant les Rencontres Ludiques 2018, remplissez donc <a href=\"https:\/\/www.gardiensdesunivers.fr\/?page_id=3693\">notre formulaire de r\u00e9servation<\/a> !<\/p>\n<\/div><\/div><footer class=\"entry-footer\"><\/footer><\/article><br \/>\n<article class=\"iconbox iconbox_top main_color    \"  itemscope=\"itemscope\" itemtype=\"https:\/\/schema.org\/CreativeWork\" ><div class=\"iconbox_content\"><header class=\"entry-content-header\"><a href='https:\/\/www.gardiensdesunivers.fr\/?page_id=3647' title='Vous \u00eates joueur ?'  class=\"iconbox_icon heading-color \" aria-hidden='true' data-av_icon='\ue80a' data-av_iconfont='entypo-fontello'  ><\/a><h3 class='iconbox_content_title '  itemprop=\"headline\"  ><a href='https:\/\/www.gardiensdesunivers.fr\/?page_id=3647' title='Vous \u00eates joueur ?' >Vous \u00eates joueur ?<\/a><\/h3><\/header><div class='iconbox_content_container  '  itemprop=\"text\"  ><p>Si vous d\u00e9sirez participer \u00e0 une des activit\u00e9s disponibles lors des Rencontres Ludiques 2018, remplissez donc <a href=\"https:\/\/www.gardiensdesunivers.fr\/?page_id=3647\">notre formulaire d&rsquo;inscription<\/a> !<\/p>\n<\/div><\/div><footer class=\"entry-footer\"><\/footer><\/article><\/p><\/div>\n<div class=\"flex_column av_two_third  flex_column_div   \" ><p><section class=\"av_textblock_section \"  itemscope=\"itemscope\" itemtype=\"https:\/\/schema.org\/CreativeWork\" ><div class='avia_textblock  '   itemprop=\"text\" ><p>Du samedi <strong>24 f\u00e9vrier 2018 \u00e0 10h00<\/strong> au <strong>dimanche 25 f\u00e9vrier 2018 \u00e0 18h00<\/strong>, l\u2019association Les Gardiens des Univers Ludiques vous invite \u00e0 participer aux Rencontres Ludiques 2018. Et il y en aura pour tous les go\u00fbts :<\/p>\n<ul>\n<li>Des<strong> jeux de soci\u00e9t\u00e9<\/strong> pour tout le monde, petits ou grands.<\/li>\n<li>Des jeux de figurines.<\/li>\n<li>Des <strong>jeux de r\u00f4le<\/strong>, bien s\u00fbr : en format court, ou en\u00a0format long.<\/li>\n<li>Et bien s\u00fbr,\u00a0<strong>Magic : The Gathering<\/strong>, avec pas moins de trois tournois diff\u00e9rents organis\u00e9s sur l\u2019ensemble du week-end.<\/li>\n<\/ul>\n<\/div><\/section><br \/>\n<section class=\"av_textblock_section \"  itemscope=\"itemscope\" itemtype=\"https:\/\/schema.org\/CreativeWork\" ><div class='avia_textblock  '   itemprop=\"text\" ><h4>Mises \u00e0 jour<\/h4>\n<ul>\n<li>Les inscriptions MJ sont ouvertes !<\/li>\n<\/ul>\n<\/div><\/section><\/p><\/div>\n<div class=\"flex_column av_one_half  flex_column_div first  \" ><section class=\"av_textblock_section \"  itemscope=\"itemscope\" itemtype=\"https:\/\/schema.org\/CreativeWork\" ><div class='avia_textblock  '   itemprop=\"text\" ><h2><span style=\"color: #ff6600;\">Samedi 24 F\u00e9vrier, \u00e0 partir de 10h<\/span><\/h2>\n<p><b>Jeux de\u00a0figurines<\/b><br \/>\n<b>Jeux de soci\u00e9t\u00e9<\/b><\/p>\n<\/div><\/section><br \/>\n<div style='height:50px' class='hr hr-invisible  '><span class='hr-inner ' ><span class='hr-inner-style'><\/span><\/span><\/div><br \/>\n<section class=\"av_textblock_section \"  itemscope=\"itemscope\" itemtype=\"https:\/\/schema.org\/CreativeWork\" ><div class='avia_textblock  '   itemprop=\"text\" ><h3><span style=\"color: #ff6600;\">Apr\u00e8s-midi (14h-19h)<\/span><\/h3>\n<p><b>Magic : The Gathering<\/b><\/p>\n<ul>\n<li>Tournois Draft : Rivals of Ixalan<\/li>\n<li>Initiations<\/li>\n<\/ul>\n<p><b>Jeux de r\u00f4les<\/b> &#8211; Initiations sous forme de parties courtes<\/p>\n<\/div><\/section><br \/>\n<div style='height:50px' class='hr hr-invisible  '><span class='hr-inner ' ><span class='hr-inner-style'><\/span><\/span><\/div><br \/>\n<section class=\"av_textblock_section \"  itemscope=\"itemscope\" itemtype=\"https:\/\/schema.org\/CreativeWork\" ><div class='avia_textblock  '   itemprop=\"text\" ><h3><span style=\"color: #ff6600;\">Soir (\u00e0 partir de 21h)<\/span><\/h3>\n<p><b>Jeu de r\u00f4le : parties courtes (21h-1h)<\/b><\/p>\n<ul>\n<li>Star Wars : Aux Confins de l&rsquo;Empire<\/li>\n<li>Sombre<\/li>\n<li>L&rsquo;anneau Unique<\/li>\n<li>Dungeons &amp; Dragons 3.5<\/li>\n<li>The Quiet Year<\/li>\n<li>Savage Worlds Contemporain<\/li>\n<\/ul>\n<p><b>Jeu de r\u00f4le : parties longues (21h-5h)<\/b><\/p>\n<ul>\n<li>Dungeon World<\/li>\n<\/ul>\n<p><b>Magic : The Gathering<\/b><\/p>\n<ul>\n<li>Tournois EDH L\u00e9viathan<\/li>\n<\/ul>\n<\/div><\/section><\/p><\/div><div class=\"flex_column av_one_half  flex_column_div   \" ><section class=\"av_textblock_section \"  itemscope=\"itemscope\" itemtype=\"https:\/\/schema.org\/CreativeWork\" ><div class='avia_textblock  '   itemprop=\"text\" ><h2><span style=\"color: #ff6600;\">Dimanche 25 F\u00e9vrier, jusqu&rsquo;\u00e0 18h<\/span><\/h2>\n<p><b>Jeux de\u00a0r\u00f4le (10h-17h)<\/b><\/p>\n<ul>\n<li>\u00c0 venir<\/li>\n<\/ul>\n<p><b>Jeux de\u00a0figurines<\/b><br \/>\n<b>Jeux de soci\u00e9t\u00e9<\/b><\/p>\n<\/div><\/section><br \/>\n<div style='height:50px' class='hr hr-invisible  '><span class='hr-inner ' ><span class='hr-inner-style'><\/span><\/span><\/div><br \/>\n<section class=\"av_textblock_section \"  itemscope=\"itemscope\" itemtype=\"https:\/\/schema.org\/CreativeWork\" ><div class='avia_textblock  '   itemprop=\"text\" ><h3><span style=\"color: #ff6600;\">Matin (9h-12h)<\/span><\/h3>\n<p><b>Magic : The Gathering<\/b><\/p>\n<ul>\n<li>Tournois troll \u00e0 deux t\u00eates<\/li>\n<\/ul>\n<p><b>Jeux de r\u00f4le courts<\/b><\/p>\n<ul>\n<li>Sherwood<\/li>\n<\/ul>\n<\/div><\/section><br \/>\n<div style='height:50px' class='hr hr-invisible  '><span class='hr-inner ' ><span class='hr-inner-style'><\/span><\/span><\/div><br \/>\n<section class=\"av_textblock_section \"  itemscope=\"itemscope\" itemtype=\"https:\/\/schema.org\/CreativeWork\" ><div class='avia_textblock  '   itemprop=\"text\" ><h3><span style=\"color: #ff6600;\">Apr\u00e8s-midi (13h-18h)<\/span><\/h3>\n<p><b>Jeu de r\u00f4le (13h-17h)<\/b><\/p>\n<ul>\n<li>Sombre<\/li>\n<li>L&rsquo;appel de Cthulhu<\/li>\n<li>Ryuutama<\/li>\n<li>Dungeons &amp; Dragons 5<\/li>\n<\/ul>\n<\/div><\/section><\/p><\/div><\/p>\n","protected":false},"excerpt":{"rendered":"","protected":false},"author":1,"featured_media":0,"parent":0,"menu_order":0,"comment_status":"open","ping_status":"open","template":"","meta":{"_bbp_topic_count":0,"_bbp_reply_count":0,"_bbp_total_topic_count":0,"_bbp_total_reply_count":0,"_bbp_voice_count":0,"_bbp_anonymous_reply_count":0,"_bbp_topic_count_hidden":0,"_bbp_reply_count_hidden":0,"_bbp_forum_subforum_count":0,"footnotes":""},"_links":{"self":[{"href":"https:\/\/www.gardiensdesunivers.fr\/index.php?rest_route=\/wp\/v2\/pages\/5506"}],"collection":[{"href":"https:\/\/www.gardiensdesunivers.fr\/index.php?rest_route=\/wp\/v2\/pages"}],"about":[{"href":"https:\/\/www.gardiensdesunivers.fr\/index.php?rest_route=\/wp\/v2\/types\/page"}],"author":[{"embeddable":true,"href":"https:\/\/www.gardiensdesunivers.fr\/index.php?rest_route=\/wp\/v2\/users\/1"}],"replies":[{"embeddable":true,"href":"https:\/\/www.gardiensdesunivers.fr\/index.php?rest_route=%2Fwp%2Fv2%2Fcomments&post=5506"}],"version-history":[{"count":0,"href":"https:\/\/www.gardiensdesunivers.fr\/index.php?rest_route=\/wp\/v2\/pages\/5506\/revisions"}],"wp:attachment":[{"href":"https:\/\/www.gardiensdesunivers.fr\/index.php?rest_route=%2Fwp%2Fv2%2Fmedia&parent=5506"}],"curies":[{"name":"wp","href":"https:\/\/api.w.org\/{rel}","templated":true}]}}