{"id":3647,"date":"2014-11-24T11:08:59","date_gmt":"2014-11-24T10:08:59","guid":{"rendered":"http:\/\/www.gardiensdesunivers.fr\/?page_id=3647"},"modified":"2025-04-27T22:41:06","modified_gmt":"2025-04-27T20:41:06","slug":"rencontres-ludiques-2015-inscription-aux-parties-de-jeu-de-role","status":"publish","type":"page","link":"https:\/\/www.gardiensdesunivers.fr\/?page_id=3647","title":{"rendered":"Inscription aux parties de jeux de r\u00f4le et aux tournois"},"content":{"rendered":"<div class=\"flex_column av_two_third  flex_column_div av-zero-column-padding first  \" style='border-radius:0px; '><p><div style='padding-bottom:10px;' class='av-special-heading av-special-heading-h3     '><h3 class='av-special-heading-tag '  itemprop=\"headline\"  >Pr\u00e9-inscription aux jeux de r\u00f4le, tournois, et autres jeux<\/h3><div class='special-heading-border'><div class='special-heading-inner-border' ><\/div><\/div><\/div><br \/>\n<section class=\"av_textblock_section \"  itemscope=\"itemscope\" itemtype=\"https:\/\/schema.org\/CreativeWork\" ><div class='avia_textblock  '   itemprop=\"text\" ><h3 style=\"color: red;\">Bienvenue, visiteur, aux Univers Ludiques 2025 !<\/h3>\n<p>Utilisez le formulaire ci-dessous pour r\u00e9server votre place pour participer aux activit\u00e9s dont les places sont limit\u00e9es (jeux de r\u00f4le, tournois..)<br \/>\nLes jeux vid\u00e9o, tables libres de jeux de cartes (Magic, Yu-Gi-Oh!, Lorcana&#8230;), jeux de soci\u00e9t\u00e9s et de figurines ne sont pas soumis \u00e0 ces restrictions. Vous pouvez venir sans vous pr\u00e9inscrire !<\/p>\n<p>D\u00e9couvrez les nombreux lots \u00e0 gagner des diff\u00e9rents tournois sur nos pages Facebook et Instagram!<\/p>\n<h4 style=\"color: red;\">Tarifs<\/h4>\n<p>L&rsquo;acc\u00e8s, et toutes les activit\u00e9s propos\u00e9es sont <strong> gratuits<\/strong> (Jeux de soci\u00e9t\u00e9, jeux vid\u00e9o, jeux de r\u00f4le, tables libres de jeux de cartes).<\/p>\n<p>Exception faite de l&rsquo;<strong>inscription aux tournois<\/strong> (d\u00e9tails des tarifs sur la page d&rsquo;inscription ou dans la programmation)<\/p>\n<p>*Pour les activit\u00e9s en \u00e9quipe, chaque joueur doit s&rsquo;inscrire individuellement, mais vous pouvez pr\u00e9ciser dans les commentaires le nom de votre partenaire et le nom de votre \u00e9quipe.<\/p>\n<\/div><\/section><br \/>\n<form action=\"https:\/\/www.gardiensdesunivers.fr\/?page_id=3647\" method=\"post\"  class=\"avia_ajax_form av-form-labels-visible    \" data-avia-form-id=\"1\" data-avia-redirect=''><fieldset><h3>Envoyez-nous un mail<\/h3><p class=' first_form  form_element form_element_half' id='element_avia_1_1'><label for=\"avia_1_1\">Pr\u00e9nom Nom <abbr class=\"required\" title=\"requis\">*<\/abbr><\/label> <input name=\"avia_1_1\" class=\"text_input is_empty\" type=\"text\" id=\"avia_1_1\" value=\"\" \/><\/p><p class=' form_element form_element_half' id='element_avia_2_1'><label for=\"avia_2_1\">Adresse mail <abbr class=\"required\" title=\"requis\">*<\/abbr><\/label> <input name=\"avia_2_1\" class=\"text_input is_email\" type=\"text\" id=\"avia_2_1\" value=\"\" \/><\/p><p class=' first_form  form_element form_element_half' id='element_avia_3_1'><label for=\"avia_3_1\">Samedi apr\u00e8s-midi (14h-19h)<\/label> <select  name=\"avia_3_1\" class=\"select \" id=\"avia_3_1\"><option  value ='Choisissez...'>Choisissez...<\/option><option  value ='Magic : The Gathering - draft MtG x Final Fantasy'>Magic : The Gathering - draft MtG x Final Fantasy<\/option><option  value ='Bitable \u00ab Comptes et L\u00e9gendes \u00bb'>Bitable \u00ab Comptes et L\u00e9gendes \u00bb<\/option><option  value ='Warhammer Age of Sigmar : Fer de lance'>Warhammer Age of Sigmar : Fer de lance<\/option><option  value ='Warhammer 40000'>Warhammer 40000<\/option><option  value ='Zombicide'>Zombicide<\/option><\/select><\/p><p class=' form_element form_element_half' id='element_avia_4_1'><label for=\"avia_4_1\">Samedi soir (\u00e0 partir de 21h)<\/label> <select  name=\"avia_4_1\" class=\"select \" id=\"avia_4_1\"><option  value ='Choisissez...'>Choisissez...<\/option><option  value ='Bitable \u00ab L\u00e9gendes oubli\u00e9es \u00bb'>Bitable \u00ab L\u00e9gendes oubli\u00e9es \u00bb<\/option><option  value ='Bitable \u00ab De ces mythes qui n\u2019en sont pas et que nous devons oublier \u00bb'>Bitable \u00ab De ces mythes qui n\u2019en sont pas et que nous devons oublier \u00bb<\/option><option  value ='Chroniques Oubli\u00e9es Fantasy (jeu durant toute la nuit)'>Chroniques Oubli\u00e9es Fantasy (jeu durant toute la nuit)<\/option><option  value ='F\u00eate des morts (D&amp;D 5e)'>F\u00eate des morts (D&amp;D 5e)<\/option><option  value ='Prince Charmant a des ennuis (Hitos) (jeu durant toute la nuit)'>Prince Charmant a des ennuis (Hitos) (jeu durant toute la nuit)<\/option><option  value ='Magic : The Gathering - Command Zone'>Magic : The Gathering - Command Zone<\/option><option  value ='Warhammer Age of Sigmar : Fer de lance'>Warhammer Age of Sigmar : Fer de lance<\/option><option  value ='Warhammer 40000'>Warhammer 40000<\/option><option  value ='Zombicide'>Zombicide<\/option><\/select><\/p><p class=' first_form  form_element form_element_half' id='element_avia_5_1'><label for=\"avia_5_1\">Dimanche matin (9h-12h)<\/label> <select  name=\"avia_5_1\" class=\"select \" id=\"avia_5_1\"><option  value ='Choisissez...'>Choisissez...<\/option><option  value ='Magic : The Gathering - EDH en \u00e9quipe'>Magic : The Gathering - EDH en \u00e9quipe<\/option><option  value ='Tournoi Yu-Gi-Oh (se terminera dans l\u2019apr\u00e8s-midi)'>Tournoi Yu-Gi-Oh (se terminera dans l\u2019apr\u00e8s-midi)<\/option><option  value ='Warhammer Age of Sigmar : Fer de lance'>Warhammer Age of Sigmar : Fer de lance<\/option><option  value ='Warhammer 40000'>Warhammer 40000<\/option><option  value ='Alpha Strike Battletech'>Alpha Strike Battletech<\/option><\/select><\/p><p class=' form_element form_element_half' id='element_avia_6_1'><label for=\"avia_6_1\">Dimanche apr\u00e8s-midi (14h - 17h)<\/label> <select  name=\"avia_6_1\" class=\"select \" id=\"avia_6_1\"><option  value ='Choisissez...'>Choisissez...<\/option><option  value ='Alpha Strike Battletech'>Alpha Strike Battletech<\/option><option  value ='Murder Party \u00ab Disney \u00bb'>Murder Party \u00ab Disney \u00bb<\/option><option  value ='Warhammer Age of Sigmar : Fer de lance'>Warhammer Age of Sigmar : Fer de lance<\/option><option  value ='Warhammer 40000'>Warhammer 40000<\/option><option  value ='Zombicide'>Zombicide<\/option><\/select><\/p><p class=' first_form  form_element form_fullwidth' id='element_avia_7_1'>\t <label for=\"avia_7_1\" class=\"textare_label hidden textare_label_avia_7_1\">Commentaires<\/label>\t <textarea  name=\"avia_7_1\" class=\"text_area \" cols=\"40\" rows=\"7\" id=\"avia_7_1\" ><\/textarea><\/p><p class=\"hidden\"><input type=\"text\" name=\"avia_8_1\" class=\"hidden \" id=\"avia_8_1\" value=\"\" \/><\/p><p class='' id='element_avia_9_1'>    <span class='value_verifier_label'>1 + 0 = ?<\/span>    <input name=\"avia_9_1_verifier\" type=\"hidden\" id=\"avia_9_1_verifier\" value=\"461358772\"\/><label for=\"avia_9_1\">Pour prouver que vous \u00eates un humain, donnez le r\u00e9sultat de cette simple op\u00e9ration <abbr class=\"required\" title=\"requis\">*<\/abbr><\/label>    <input name=\"avia_9_1\" class=\"text_input captcha\" type=\"text\" id=\"avia_9_1\" value=\"\"\/><\/p><p class=\"form_element \"><input type=\"hidden\" value=\"1\" name=\"avia_generated_form1\" \/><input type=\"submit\" value=\"Valider\" class=\"button\"  data-sending-label=\"Envoi\"\/><\/p><\/fieldset><\/form><div id=\"ajaxresponse_1\" class=\"ajaxresponse ajaxresponse_1 hidden\"><\/div><\/p><\/div><div class=\"flex_column av_one_third  flex_column_div av-zero-column-padding   \" style='border-radius:0px; '><div class='avia-image-container  av-styling-no-styling av-hover-grow   avia-align-center '  itemprop=\"ImageObject\" itemscope=\"itemscope\" itemtype=\"https:\/\/schema.org\/ImageObject\"  ><div class='avia-image-container-inner'><img class='avia_image ' src='https:\/\/www.gardiensdesunivers.fr\/wp-content\/uploads\/2025\/03\/affiche1-copie-1-212x300.jpg' alt='' title='affiche1 copie'   itemprop=\"thumbnailUrl\"  \/><\/div><\/div><\/div><\/p>\n","protected":false},"excerpt":{"rendered":"","protected":false},"author":1,"featured_media":0,"parent":0,"menu_order":0,"comment_status":"open","ping_status":"open","template":"","meta":{"_bbp_topic_count":0,"_bbp_reply_count":0,"_bbp_total_topic_count":0,"_bbp_total_reply_count":0,"_bbp_voice_count":0,"_bbp_anonymous_reply_count":0,"_bbp_topic_count_hidden":0,"_bbp_reply_count_hidden":0,"_bbp_forum_subforum_count":0,"footnotes":""},"_links":{"self":[{"href":"https:\/\/www.gardiensdesunivers.fr\/index.php?rest_route=\/wp\/v2\/pages\/3647"}],"collection":[{"href":"https:\/\/www.gardiensdesunivers.fr\/index.php?rest_route=\/wp\/v2\/pages"}],"about":[{"href":"https:\/\/www.gardiensdesunivers.fr\/index.php?rest_route=\/wp\/v2\/types\/page"}],"author":[{"embeddable":true,"href":"https:\/\/www.gardiensdesunivers.fr\/index.php?rest_route=\/wp\/v2\/users\/1"}],"replies":[{"embeddable":true,"href":"https:\/\/www.gardiensdesunivers.fr\/index.php?rest_route=%2Fwp%2Fv2%2Fcomments&post=3647"}],"version-history":[{"count":0,"href":"https:\/\/www.gardiensdesunivers.fr\/index.php?rest_route=\/wp\/v2\/pages\/3647\/revisions"}],"wp:attachment":[{"href":"https:\/\/www.gardiensdesunivers.fr\/index.php?rest_route=%2Fwp%2Fv2%2Fmedia&parent=3647"}],"curies":[{"name":"wp","href":"https:\/\/api.w.org\/{rel}","templated":true}]}}