{"id":108,"date":"2013-03-31T16:33:28","date_gmt":"2013-03-31T15:33:28","guid":{"rendered":"http:\/\/gardiens.phpnet.org\/?page_id=108"},"modified":"2013-04-21T15:21:01","modified_gmt":"2013-04-21T14:21:01","slug":"convention-2013-le-programme","status":"publish","type":"page","link":"https:\/\/www.gardiensdesunivers.fr\/?page_id=108","title":{"rendered":"Convention 2013 : le programme"},"content":{"rendered":"<h1 style=\"text-align: center;\"><em>Venez Zombreux !<\/em><\/h1>\n<p>Nous Vous invitons prochainement \u00e0 la X\u00e8me convention des Gardiens des Univers Ludiques :\u00a0Pour cette \u00e9dition pas comme les autres, nous sommes arriv\u00e9s \u00e0 la conclusion que si nous avons surv\u00e9cu \u00e0 cette fin imminente du monde, ce sera sous forme de Morts-Vivants !<\/p>\n<p>Sortez de vos tombeau et venez hanter avec nous la salle du Ch\u00e2teau Robert \u00e0 Egletons o\u00f9 Zombies, vampires et autres cr\u00e9atures de la nuit se retrouveront en bons vivants ou plut\u00f4t en bons morts-vivants autour de jeux tels que Vampires, Zombies, Chtullhu et autres. Venez aussi d\u00e9couvrir Zombicide, le tout nouveau jeu de plateau coop\u00e9ratif. un Tournoi Magic sp\u00e9cial Cartes Noires type I, des multi-tables, des invit\u00e9s de marque, un excellent repas, une boutique de jeu sur place, une buvette et toujours la bonne humeur et la convivialit\u00e9 des Gardiens !<\/p>\n<p>On se donne rendez-vous les 27 et 28 avril 2013.<\/p>\n<p><img decoding=\"async\" loading=\"lazy\" class=\"aligncenter size-full wp-image-729\" alt=\"zombiethon\" src=\"https:\/\/www.gardiensdesunivers.fr\/wp-content\/uploads\/2013\/03\/zombiethon.jpg\" width=\"640\" height=\"480\" srcset=\"https:\/\/www.gardiensdesunivers.fr\/wp-content\/uploads\/2013\/03\/zombiethon.jpg 640w, https:\/\/www.gardiensdesunivers.fr\/wp-content\/uploads\/2013\/03\/zombiethon-300x225.jpg 300w\" sizes=\"(max-width: 640px) 100vw, 640px\" \/><\/p>\n<h1>Programme des festivit\u00e9s<\/h1>\n<p>Vous trouverez ci-dessous la liste des activit\u00e9s propos\u00e9es au cours de ces deux jours de convention. Cette liste n&rsquo;est pas forc\u00e9ment exhaustive : d&rsquo;autres activit\u00e9s pourront \u00eatre mises en place au dernier moment. Un tableau r\u00e9capitulatif de toutes les activit\u00e9s sera \u00e0 votre disposition \u00e0 l&rsquo;entr\u00e9e de la salle et vous permettra de vous inscrire \u00e0 l&rsquo;avance \u00e0 celles que vous souhaitez.<\/p>\n<h3>Samedi matin<\/h3>\n<ul>\n<li>Accueil, d\u00e9monstrations, initiations&#8230; \u00e0 la cool !<\/li>\n<\/ul>\n<h3>Samedi apr\u00e8s-midi<\/h3>\n<ul>\n<li><strong>Magic : L&rsquo;Assembl\u00e9e :<\/strong> avant-premi\u00e8re de <em><strong>Dragon&rsquo;s Maze<\/strong><\/em> \u00e0 partir de 14h00, en partenariat avec la boutique <em>L&rsquo;Antre de l&rsquo;Imaginaire<\/em>. 1 lot pour chaque participant !<\/li>\n<li><strong>Jeu de r\u00f4le :<\/strong>\u00a0d\u00e9mo de <strong>Pavillon Noir<\/strong><\/li>\n<li><strong>Jeux de plateau :<\/strong> <em>Zombicide<\/em>, et plein d&rsquo;autres en libre acc\u00e8s<\/li>\n<\/ul>\n<h3>Samedi soir<\/h3>\n<ul>\n<li><strong>Magic : L&rsquo;Assembl\u00e9e : <\/strong>Tournoi<em><strong> \u00ab\u00a0Black Magic\u00a0\u00bb<\/strong> <\/em>\u00e0 partir de 21h00\u00a0(tournoi de type I avec r\u00e8gles suppl\u00e9mentaires, <a title=\"R\u00e8gles du tournoi &quot;Black Magic&quot;\" href=\"https:\/\/www.gardiensdesunivers.fr\/?page_id=677\">tous les d\u00e9tails ici<\/a>).\u00a01 lot pour chaque participant !<\/li>\n<li><strong>Jeux de r\u00f4le :<\/strong> bi-table <strong>Subabysse<\/strong>, bi-table <strong>Metal Adventures<\/strong>\u00a0, <strong>Pavillon Noir, Halo<\/strong><\/li>\n<\/ul>\n<h3>Dimanche matin<\/h3>\n<ul>\n<li><strong>Magic : L&rsquo;Assembl\u00e9e :<\/strong> troll \u00e0 deux t\u00eates \u00e0 partir de 9h30.\u00a01 lot pour chaque participant !<\/li>\n<\/ul>\n<h3>Dimanche apr\u00e8s-midi<\/h3>\n<ul>\n<li><strong>Jeux de figurines :<\/strong> initiation \u00e0 <em>Mordheim<\/em>, d\u00e9monstration de <strong>Uncharted Seas<\/strong><\/li>\n<\/ul>\n<h1>Restauration<\/h1>\n<ul>\n<li>Des <strong>boissons et sandwichs<\/strong> seront disponibles pour une somme modique, voire al\u00e9atoire, au bar.<\/li>\n<li><strong>Repas du samedi soir :<\/strong> sur r\u00e9servation, nous vous proposons un repas complet avec au menu : d\u00e9tails\u00a0\u00e0 venir.<\/li>\n<\/ul>\n<h1>H\u00e9bergement<\/h1>\n<p>Pour nos camarades qui viennent de loin mais ne souhaitent pas faire une nuit blanche et pr\u00e9f\u00e8rent passer par un bon lit douillet entre deux exp\u00e9ditions anti-zombies, nos amis du <em>Colorado<\/em> proposent un tarif d&rsquo;h\u00e9bergement pr\u00e9f\u00e9rentiel, et offrent un lit suppl\u00e9mentaire par chambre !<\/p>\n<ul>\n<li>6 (ou 7) personnes= 100 \u20ac par nuit\u00e9e<\/li>\n<li>4 (ou 5) personnes =\u00a0\u00a0 80 \u20ac par nuit\u00e9e<\/li>\n<li>2 (ou 3) personnes =\u00a0\u00a0 60 \u20ac par nuit\u00e9e<\/li>\n<\/ul>\n<div>\n<p><strong>Lien vers le site d\u2019h\u00e9bergement :<\/strong>\u00a0<a title=\"Colorado\" href=\"https:\/\/www.colorado-correze.com\/Pages\/PlandAcces.aspx\">c&rsquo;est par l\u00e0<\/a>.<\/p>\n<\/div>\n","protected":false},"excerpt":{"rendered":"<p>Venez Zombreux ! Nous Vous invitons prochainement \u00e0 la X\u00e8me convention des Gardiens des Univers Ludiques :\u00a0Pour cette \u00e9dition pas comme les autres, nous sommes arriv\u00e9s \u00e0 la conclusion que si nous avons surv\u00e9cu \u00e0 cette fin imminente du monde, ce sera sous forme de Morts-Vivants ! Sortez de vos tombeau et venez hanter avec [&hellip;]<\/p>\n","protected":false},"author":1,"featured_media":0,"parent":0,"menu_order":0,"comment_status":"closed","ping_status":"open","template":"template-extra3.php","meta":{"_bbp_topic_count":0,"_bbp_reply_count":0,"_bbp_total_topic_count":0,"_bbp_total_reply_count":0,"_bbp_voice_count":0,"_bbp_anonymous_reply_count":0,"_bbp_topic_count_hidden":0,"_bbp_reply_count_hidden":0,"_bbp_forum_subforum_count":0,"footnotes":""},"_links":{"self":[{"href":"https:\/\/www.gardiensdesunivers.fr\/index.php?rest_route=\/wp\/v2\/pages\/108"}],"collection":[{"href":"https:\/\/www.gardiensdesunivers.fr\/index.php?rest_route=\/wp\/v2\/pages"}],"about":[{"href":"https:\/\/www.gardiensdesunivers.fr\/index.php?rest_route=\/wp\/v2\/types\/page"}],"author":[{"embeddable":true,"href":"https:\/\/www.gardiensdesunivers.fr\/index.php?rest_route=\/wp\/v2\/users\/1"}],"replies":[{"embeddable":true,"href":"https:\/\/www.gardiensdesunivers.fr\/index.php?rest_route=%2Fwp%2Fv2%2Fcomments&post=108"}],"version-history":[{"count":0,"href":"https:\/\/www.gardiensdesunivers.fr\/index.php?rest_route=\/wp\/v2\/pages\/108\/revisions"}],"wp:attachment":[{"href":"https:\/\/www.gardiensdesunivers.fr\/index.php?rest_route=%2Fwp%2Fv2%2Fmedia&parent=108"}],"curies":[{"name":"wp","href":"https:\/\/api.w.org\/{rel}","templated":true}]}}