{"id":82,"date":"2013-03-31T13:28:05","date_gmt":"2013-03-31T12:28:05","guid":{"rendered":"http:\/\/gardiens.phpnet.org\/?page_id=82"},"modified":"2013-04-14T13:46:36","modified_gmt":"2013-04-14T12:46:36","slug":"campagnes-en-cours","status":"publish","type":"page","link":"http:\/\/www.gardiensdesunivers.fr\/?page_id=82","title":{"rendered":"Campagnes en cours"},"content":{"rendered":"<h3><img decoding=\"async\" loading=\"lazy\" class=\"alignleft size-full wp-image-98\" alt=\"capture_shadowrun\" src=\"https:\/\/gardiens.phpnet.org\/wp-content\/uploads\/2013\/03\/capture_shadowrun.jpg\" width=\"180\" height=\"85\" \/>Shadowrun<\/h3>\n<p><strong>Meneur de jeu :<\/strong> Math\u00e9o<br \/>\n<strong>Joueurs :<\/strong> Romuald, Nicolas, Yann, William, Vivien<br \/>\n<strong>\u00c9tat :<\/strong> en cours<\/p>\n<h3><img decoding=\"async\" loading=\"lazy\" class=\"alignleft size-full wp-image-103\" alt=\"capture_marvel\" src=\"https:\/\/gardiens.phpnet.org\/wp-content\/uploads\/2013\/03\/capture_marvel.jpg\" width=\"180\" height=\"85\" \/>Marvel Heroic Roleplaying<\/h3>\n<p><strong>Meneur de jeu :<\/strong> Guilhem<br \/>\n<strong>Joueurs :<\/strong> Romuald, Philippe, Alexi<br \/>\n<strong>\u00c9tat<\/strong> : en pr\u00e9paration<\/p>\n<h3><img decoding=\"async\" loading=\"lazy\" class=\"alignleft size-full wp-image-96\" alt=\"capture_guildes\" src=\"https:\/\/gardiens.phpnet.org\/wp-content\/uploads\/2013\/03\/capture_guildes.jpg\" width=\"180\" height=\"85\" \/>Guildes<\/h3>\n<p><strong>Meneur de jeu :<\/strong> Aline<br \/>\n<strong>Joueurs :<\/strong> Franck, Daniel, Philippe, Guilhem<br \/>\n<strong>\u00c9tat :<\/strong> en cours<\/p>\n<h3><img decoding=\"async\" loading=\"lazy\" class=\"alignleft size-full wp-image-100\" alt=\"capture_warhammer\" src=\"https:\/\/gardiens.phpnet.org\/wp-content\/uploads\/2013\/03\/capture_warhammer.jpg\" width=\"180\" height=\"85\" \/>Warhammer<\/h3>\n<p><strong>Meneur de jeu :<\/strong> Jean-Marc<br \/>\n<strong>Joueurs :<\/strong> Romuald, Math\u00e9o, Philippe, Nicolas, Yann<br \/>\n<strong>\u00c9tat :<\/strong> en cours<\/p>\n<h3><img decoding=\"async\" loading=\"lazy\" class=\"size-full wp-image-99 alignleft\" alt=\"capture_startrek\" src=\"https:\/\/gardiens.phpnet.org\/wp-content\/uploads\/2013\/03\/capture_startrek.jpg\" width=\"180\" height=\"85\" \/>Star Trek<\/h3>\n<p><strong>Meneur de jeu :<\/strong> Guilhem<br \/>\n<strong>Joueurs :<\/strong> Franck, Aline, Daniel, Romuald, Philippe, Ancelin, Mathieu<br \/>\n<strong>\u00c9tat :<\/strong> saison 1 termin\u00e9e, saison 2 en cours de pr\u00e9paration<\/p>\n<h3><img decoding=\"async\" loading=\"lazy\" class=\"alignleft size-full wp-image-97\" alt=\"capture_shade\" src=\"https:\/\/gardiens.phpnet.org\/wp-content\/uploads\/2013\/03\/capture_shade.jpg\" width=\"180\" height=\"85\" \/>Shade<\/h3>\n<p><strong>Meneur de jeu :<\/strong> Ancelin<br \/>\n<strong>Joueurs :<\/strong> Yann, Nicolas<br \/>\n<strong>\u00c9tat :<\/strong> en cours<\/p>\n<h3><img decoding=\"async\" loading=\"lazy\" class=\"alignleft size-full wp-image-346\" alt=\"birthright\" src=\"https:\/\/gardiens.phpnet.org\/wp-content\/uploads\/2013\/03\/birthright.jpg\" width=\"180\" height=\"85\" \/>AD&amp;D Birthright<\/h3>\n<p><strong>Meneur de jeu :<\/strong> Franck<br \/>\n<strong>Joueurs :<\/strong> Guilhem, Daniel, Aline, Ancelin<br \/>\n<strong>\u00c9tat :<\/strong> en cours<\/p>\n<h3><img decoding=\"async\" loading=\"lazy\" class=\"alignleft size-full wp-image-499\" alt=\"capture_deadlands\" src=\"https:\/\/gardiens.phpnet.org\/wp-content\/uploads\/2013\/04\/capture_deadlands.jpg\" width=\"180\" height=\"85\" \/><\/h3>\n<h3>Deadlands Reloaded<\/h3>\n<p><strong>Meneur de jeu :<\/strong> Jean-Marc<br \/>\n<strong>Joueurs :<\/strong> Yann, Nicolas, Math\u00e9o<br \/>\n<strong>\u00c9tat :<\/strong>\u00a0en cours<\/p>\n<p>&nbsp;<\/p>\n","protected":false},"excerpt":{"rendered":"<p>Shadowrun Meneur de jeu : Math\u00e9o Joueurs : Romuald, Nicolas, Yann, William, Vivien \u00c9tat : en cours Marvel Heroic Roleplaying Meneur de jeu : Guilhem Joueurs : Romuald, Philippe, Alexi \u00c9tat : en pr\u00e9paration Guildes Meneur de jeu : Aline Joueurs : Franck, Daniel, Philippe, Guilhem \u00c9tat : en cours Warhammer Meneur de jeu : [&hellip;]<\/p>\n","protected":false},"author":1,"featured_media":0,"parent":0,"menu_order":0,"comment_status":"open","ping_status":"open","template":"","meta":{"_bbp_topic_count":0,"_bbp_reply_count":0,"_bbp_total_topic_count":0,"_bbp_total_reply_count":0,"_bbp_voice_count":0,"_bbp_anonymous_reply_count":0,"_bbp_topic_count_hidden":0,"_bbp_reply_count_hidden":0,"_bbp_forum_subforum_count":0,"footnotes":""},"_links":{"self":[{"href":"http:\/\/www.gardiensdesunivers.fr\/index.php?rest_route=\/wp\/v2\/pages\/82"}],"collection":[{"href":"http:\/\/www.gardiensdesunivers.fr\/index.php?rest_route=\/wp\/v2\/pages"}],"about":[{"href":"http:\/\/www.gardiensdesunivers.fr\/index.php?rest_route=\/wp\/v2\/types\/page"}],"author":[{"embeddable":true,"href":"http:\/\/www.gardiensdesunivers.fr\/index.php?rest_route=\/wp\/v2\/users\/1"}],"replies":[{"embeddable":true,"href":"http:\/\/www.gardiensdesunivers.fr\/index.php?rest_route=%2Fwp%2Fv2%2Fcomments&post=82"}],"version-history":[{"count":0,"href":"http:\/\/www.gardiensdesunivers.fr\/index.php?rest_route=\/wp\/v2\/pages\/82\/revisions"}],"wp:attachment":[{"href":"http:\/\/www.gardiensdesunivers.fr\/index.php?rest_route=%2Fwp%2Fv2%2Fmedia&parent=82"}],"curies":[{"name":"wp","href":"https:\/\/api.w.org\/{rel}","templated":true}]}}