{"id":677,"date":"2013-04-14T15:18:44","date_gmt":"2013-04-14T14:18:44","guid":{"rendered":"http:\/\/www.gardiensdesunivers.fr\/?page_id=677"},"modified":"2013-04-14T15:29:42","modified_gmt":"2013-04-14T14:29:42","slug":"regles-du-tournoi-black-magic","status":"publish","type":"page","link":"http:\/\/www.gardiensdesunivers.fr\/?page_id=677","title":{"rendered":"R\u00e8gles du tournoi \u00ab\u00a0Black Magic\u00a0\u00bb"},"content":{"rendered":"<p>Le samedi 27 avril 2013 \u00e0 21 h, dans le cadre de la 1\u00e8me convention des Gardiens des Univers Ludiques, aura lieu \u00e0 partir de 21 heures un tournoi intitul\u00e9 <strong>\u00ab\u00a0Black Magic\u00a0\u00bb<\/strong>. Il s&rsquo;agit d&rsquo;un tournoi de type I auquel ont \u00e9t\u00e9 ajout\u00e9es les r\u00e8gles suivantes, dans l&rsquo;esprit de la Convention, dont le th\u00e8me est \u00ab\u00a0La fin du monde a d\u00e9j\u00e0 eu lieu\u00a0\u00bb :<\/p>\n<ul>\n<li><span style=\"line-height: 13px;\">50% de chaque deck doit \u00eatre constitu\u00e9 de cartes noires, hors terrains.<\/span><\/li>\n<li>Ne peuvent \u00eatre pr\u00e9sentes dans un deck que les cartes ayant dans leur co\u00fbt d&rsquo;invocation le symbole \u00ab\u00a0mana noir\u00a0\u00bb ou \u00ab\u00a0mana incolore\u00a0\u00bb <span style=\"text-decoration: underline;\">uniquement<\/span>.<\/li>\n<li>Chaque deck ne peut contenir que 4 cr\u00e9atures artefacts au maximum.<\/li>\n<li>Toute production de mana non noir est automatiquement incolore.<\/li>\n<li>Tout jeton non noir et non artefact est automatiquement incolore.<\/li>\n<li>Les cr\u00e9atures hybrides sont automatiquement consid\u00e9r\u00e9es comme mono noires.<\/li>\n<\/ul>\n<p>En cas de doute sur la validit\u00e9 de vos deck, n&rsquo;h\u00e9sitez pas \u00e0 prendre contact avec les organisateurs avant le d\u00e9but du tournoi.<\/p>\n<p>&nbsp;<\/p>\n","protected":false},"excerpt":{"rendered":"<p>Le samedi 27 avril 2013 \u00e0 21 h, dans le cadre de la 1\u00e8me convention des Gardiens des Univers Ludiques, aura lieu \u00e0 partir de 21 heures un tournoi intitul\u00e9 \u00ab\u00a0Black Magic\u00a0\u00bb. Il s&rsquo;agit d&rsquo;un tournoi de type I auquel ont \u00e9t\u00e9 ajout\u00e9es les r\u00e8gles suivantes, dans l&rsquo;esprit de la Convention, dont le th\u00e8me est [&hellip;]<\/p>\n","protected":false},"author":1,"featured_media":0,"parent":108,"menu_order":0,"comment_status":"closed","ping_status":"open","template":"template-extra3.php","meta":{"_bbp_topic_count":0,"_bbp_reply_count":0,"_bbp_total_topic_count":0,"_bbp_total_reply_count":0,"_bbp_voice_count":0,"_bbp_anonymous_reply_count":0,"_bbp_topic_count_hidden":0,"_bbp_reply_count_hidden":0,"_bbp_forum_subforum_count":0,"footnotes":""},"_links":{"self":[{"href":"http:\/\/www.gardiensdesunivers.fr\/index.php?rest_route=\/wp\/v2\/pages\/677"}],"collection":[{"href":"http:\/\/www.gardiensdesunivers.fr\/index.php?rest_route=\/wp\/v2\/pages"}],"about":[{"href":"http:\/\/www.gardiensdesunivers.fr\/index.php?rest_route=\/wp\/v2\/types\/page"}],"author":[{"embeddable":true,"href":"http:\/\/www.gardiensdesunivers.fr\/index.php?rest_route=\/wp\/v2\/users\/1"}],"replies":[{"embeddable":true,"href":"http:\/\/www.gardiensdesunivers.fr\/index.php?rest_route=%2Fwp%2Fv2%2Fcomments&post=677"}],"version-history":[{"count":0,"href":"http:\/\/www.gardiensdesunivers.fr\/index.php?rest_route=\/wp\/v2\/pages\/677\/revisions"}],"up":[{"embeddable":true,"href":"http:\/\/www.gardiensdesunivers.fr\/index.php?rest_route=\/wp\/v2\/pages\/108"}],"wp:attachment":[{"href":"http:\/\/www.gardiensdesunivers.fr\/index.php?rest_route=%2Fwp%2Fv2%2Fmedia&parent=677"}],"curies":[{"name":"wp","href":"https:\/\/api.w.org\/{rel}","templated":true}]}}