{"id":1997,"date":"2013-12-28T08:25:53","date_gmt":"2013-12-28T07:25:53","guid":{"rendered":"http:\/\/www.gardiensdesunivers.fr\/?page_id=1997"},"modified":"2014-04-28T21:17:39","modified_gmt":"2014-04-28T20:17:39","slug":"xi-convention-des-gardiens-des-univers-ludiques","status":"publish","type":"page","link":"http:\/\/www.gardiensdesunivers.fr\/?page_id=1997","title":{"rendered":"XI Convention des Gardiens des Univers Ludiques"},"content":{"rendered":"<\/div><\/div><\/div><!-- close content main div --><\/div><\/div><div id='full_slider_1' class='avia-fullwidth-slider main_color avia-shadow   container_wrap sidebar_right'   ><div  data-size='no scaling'  data-lightbox_size='large'  data-animation='slide'  data-ids='2609'  data-video_counter='0'  data-autoplay='false'  data-bg_slider='false'  data-slide_height=''  data-handle='av_slideshow_full'  data-interval='5'  data-class=' '  data-css_id=''  data-scroll_down=''  data-control_layout='av-control-default'  data-custom_markup=''  data-perma_caption=''  data-autoplay_stopper=''  data-image_attachment=''  data-min_height='0px'  data-src=''  data-position='top left'  data-repeat='no-repeat'  data-attach='scroll'  data-stretch=''  class='avia-slideshow avia-slideshow-1  av-control-default av-default-height-applied avia-slideshow-no scaling av_slideshow_full   avia-slide-slider '  itemprop=\"ImageObject\" itemscope=\"itemscope\" itemtype=\"https:\/\/schema.org\/ImageObject\" ><ul class='avia-slideshow-inner' style='padding-bottom: 59.734513274336%;'><li  class=' av-single-slide slide-1 ' ><div data-rel='slideshow-1' class='avia-slide-wrap'  ><img src='https:\/\/www.gardiensdesunivers.fr\/wp-content\/uploads\/2013\/12\/placard_2014.jpg' width='1130' height='675' title='placard_2014' alt=''  itemprop=\"thumbnailUrl\"   \/><\/div><\/li><\/ul><\/div><\/div>\n<section class=\"av_textblock_section \"  itemscope=\"itemscope\" itemtype=\"https:\/\/schema.org\/CreativeWork\" ><div class='avia_textblock  '   itemprop=\"text\" ><h3 style=\"text-align: center;\">La XIe Convention des Gardiens des Univers Ludiques se tiendra<br \/>\nle samedi 12 et le dimanche 13 avril \u00e0 la salle du Ch\u00e2teau Robert \u00e0 Egletons.<\/h3>\n<p>Vous trouverez ci-dessous la liste des activit\u00e9s propos\u00e9es au cours de ces deux jours de convention. Cette liste n\u2019est pas forc\u00e9ment exhaustive : d\u2019autres activit\u00e9s pourront \u00eatre mises en place au dernier moment. Un tableau r\u00e9capitulatif de toutes les activit\u00e9s sera \u00e0 votre disposition \u00e0 l\u2019entr\u00e9e de la salle et vous permettra de vous inscrire \u00e0 l\u2019avance \u00e0 celles que vous souhaitez.<\/p>\n<\/div><\/section>\n<div  class='hr hr-full hr-no-shadow  '><span class='hr-inner ' ><span class='hr-inner-style'><\/span><\/span><\/div>\n<div class=\"flex_column av_one_half  flex_column_div first  \" ><section class=\"av_textblock_section \"  itemscope=\"itemscope\" itemtype=\"https:\/\/schema.org\/CreativeWork\" ><div class='avia_textblock  '   itemprop=\"text\" ><h3>Samedi apr\u00e8s-midi (14h &#8211; 19h)<\/h3>\n<\/div><\/section>\n<p><section class=\"av_textblock_section \"  itemscope=\"itemscope\" itemtype=\"https:\/\/schema.org\/CreativeWork\" ><div class='avia_textblock  '   itemprop=\"text\" ><p><strong>Magic :<\/strong> tournoi en draft (voir plus bas)<\/p>\n<p><strong>Jeux de soci\u00e9t\u00e9 :<\/strong> The Resistance, Ca$h &amp; Guns, The Boss, Horreur \u00e0 Arkham, Salem, et bien d&rsquo;autres&#8230;<\/p>\n<\/div><\/section><br \/>\n<div  class='hr hr-short hr-left  '><span class='hr-inner ' ><span class='hr-inner-style'><\/span><\/span><\/div><br \/>\n<section class=\"av_textblock_section \"  itemscope=\"itemscope\" itemtype=\"https:\/\/schema.org\/CreativeWork\" ><div class='avia_textblock  '   itemprop=\"text\" ><h3>Pause repas (19h &#8211; 21h)<\/h3>\n<\/div><\/section><br \/>\n<section class=\"av_textblock_section \"  itemscope=\"itemscope\" itemtype=\"https:\/\/schema.org\/CreativeWork\" ><div class='avia_textblock  '   itemprop=\"text\" ><ul>\n<li><strong>Ap\u00e9ritif<\/strong> offert par les Gardiens<\/li>\n<li><strong>Repas :<\/strong> sur r\u00e9servation<\/li>\n<\/ul>\n<\/div><\/section><br \/>\n<div  class='hr hr-short hr-left  '><span class='hr-inner ' ><span class='hr-inner-style'><\/span><\/span><\/div><br \/>\n<section class=\"av_textblock_section \"  itemscope=\"itemscope\" itemtype=\"https:\/\/schema.org\/CreativeWork\" ><div class='avia_textblock  '   itemprop=\"text\" ><h3>Samedi soir (\u00e0 partir de 21h)<\/h3>\n<\/div><\/section><br \/>\n<section class=\"av_textblock_section \"  itemscope=\"itemscope\" itemtype=\"https:\/\/schema.org\/CreativeWork\" ><div class='avia_textblock  '   itemprop=\"text\" ><p><strong>Jeux de r\u00f4le : <\/strong><\/p>\n<ul>\n<li>Vampire : La Mascarade<\/li>\n<li>L&rsquo;Appel de Cthulhu<\/li>\n<li>Feng Shui<\/li>\n<li>SteamShadows<\/li>\n<li>Shade<\/li>\n<li>Guildes<\/li>\n<\/ul>\n<p><strong>Magic :<\/strong> tournoi type I sc\u00e9naris\u00e9 (voir ci-dessous)<\/p>\n<\/div><\/section><br \/>\n<div  class='hr hr-short hr-left  '><span class='hr-inner ' ><span class='hr-inner-style'><\/span><\/span><\/div><\/p><\/div>\n<div class=\"flex_column av_one_half  flex_column_div   \" ><section class=\"av_textblock_section \"  itemscope=\"itemscope\" itemtype=\"https:\/\/schema.org\/CreativeWork\" ><div class='avia_textblock  '   itemprop=\"text\" ><h3>Dimanche matin (9h &#8211; 12 h)<\/h3>\n<p><strong>Jeux de r\u00f4le : <\/strong><\/p>\n<ul>\n<li>Donjon Clef en Main<\/li>\n<li>Marvel Heroic Roleplaying<\/li>\n<\/ul>\n<p><strong>Magic :<\/strong> tournoi en troll \u00e0 deux t\u00eates (voir plus bas)<\/p>\n<\/div><\/section><br \/>\n<div  class='hr hr-short hr-left  '><span class='hr-inner ' ><span class='hr-inner-style'><\/span><\/span><\/div><br \/>\n<section class=\"av_textblock_section \"  itemscope=\"itemscope\" itemtype=\"https:\/\/schema.org\/CreativeWork\" ><div class='avia_textblock  '   itemprop=\"text\" ><h3>Dimanche apr\u00e8s-midi (13h &#8211; 16h)<\/h3>\n<p><strong>Jeux de r\u00f4le<\/strong><\/p>\n<ul>\n<li>D\u00e9mo de <strong>l&rsquo;Anneau Unique<\/strong><\/li>\n<\/ul>\n<\/div><\/section><br \/>\n<div  class='hr hr-short hr-left  '><span class='hr-inner ' ><span class='hr-inner-style'><\/span><\/span><\/div><br \/>\n<section class=\"av_textblock_section \"  itemscope=\"itemscope\" itemtype=\"https:\/\/schema.org\/CreativeWork\" ><div class='avia_textblock  '   itemprop=\"text\" ><h3>C\u00e9r\u00e9monie de cl\u00f4ture (16h &#8211; 17h)<\/h3>\n<\/div><\/section><br \/>\n<div  class='hr hr-short hr-left  '><span class='hr-inner ' ><span class='hr-inner-style'><\/span><\/span><\/div><\/p><\/div>\n<div  class='hr hr-full hr-no-shadow  '><span class='hr-inner ' ><span class='hr-inner-style'><\/span><\/span><\/div>\n<section class=\"av_textblock_section \"  itemscope=\"itemscope\" itemtype=\"https:\/\/schema.org\/CreativeWork\" ><div class='avia_textblock  '   itemprop=\"text\" ><p style=\"text-align: center;\"><img decoding=\"async\" loading=\"lazy\" class=\"aligncenter  wp-image-2487\" src=\"https:\/\/www.gardiensdesunivers.fr\/wp-content\/uploads\/2013\/12\/logo_magic.jpg\" alt=\"logo_magic\" width=\"240\" height=\"124\" srcset=\"https:\/\/www.gardiensdesunivers.fr\/wp-content\/uploads\/2013\/12\/logo_magic.jpg 400w, https:\/\/www.gardiensdesunivers.fr\/wp-content\/uploads\/2013\/12\/logo_magic-300x154.jpg 300w, https:\/\/www.gardiensdesunivers.fr\/wp-content\/uploads\/2013\/12\/logo_magic-150x77.jpg 150w\" sizes=\"(max-width: 240px) 100vw, 240px\" \/><\/p>\n<p><b>Draft Magic (samedi apr\u00e8s-midi, 14h)<\/b><\/p>\n<p>Cette ann\u00e9e, les Gardiens innovent : le draft se composera de 2 \u00e9ditions, THEROS et CREATIONS DIVINES, avec 4 boosters au lieu de 3 ( 2 boosters THEROS et 2 boosters CREATIONS DIVINES).<\/p>\n<p>La participation \u00e0 ce draft est de 14\u20ac.<\/p>\n<p>Soyez \u00e0 l&rsquo;heure : il n&rsquo;y aura que 18 places !<\/p>\n<p><b>Tournoi Magic Sc\u00e9naris\u00e9 Type 1 (samedi soir)<\/b><\/p>\n<p>Lors du tournoi de type 1 (samedi soir) des r\u00e8gles sp\u00e9ciales seront appliqu\u00e9es pour pimenter le jeu. Il y aura 20 \u00e9v\u00e9nements diff\u00e9rents qui seront d\u00e9termin\u00e9s al\u00e9atoirement. A chaque phase d&rsquo;\u00e9v\u00e9nement, une personne d\u00e9sign\u00e9e par la majorit\u00e9 des joueurs lancera un d20 et appliquera la r\u00e8gle sp\u00e9ciale correspondant au r\u00e9sultat. Cette liste d&rsquo;\u00e9v\u00e9nement sera visible le jour m\u00eame.<\/p>\n<p>Participation : gratuite pour ceux inscrits au repas du soir. 5 \u20ac pour les autres.<\/p>\n<p><strong>Troll \u00e0 deux t\u00eates<\/strong><\/p>\n<p>La participation au troll \u00e0 deux t\u00eates est de 3 \u20ac par personne.<\/p>\n<\/div><\/section>\n","protected":false},"excerpt":{"rendered":"","protected":false},"author":1,"featured_media":0,"parent":0,"menu_order":0,"comment_status":"open","ping_status":"open","template":"","meta":{"_bbp_topic_count":0,"_bbp_reply_count":0,"_bbp_total_topic_count":0,"_bbp_total_reply_count":0,"_bbp_voice_count":0,"_bbp_anonymous_reply_count":0,"_bbp_topic_count_hidden":0,"_bbp_reply_count_hidden":0,"_bbp_forum_subforum_count":0,"footnotes":""},"_links":{"self":[{"href":"http:\/\/www.gardiensdesunivers.fr\/index.php?rest_route=\/wp\/v2\/pages\/1997"}],"collection":[{"href":"http:\/\/www.gardiensdesunivers.fr\/index.php?rest_route=\/wp\/v2\/pages"}],"about":[{"href":"http:\/\/www.gardiensdesunivers.fr\/index.php?rest_route=\/wp\/v2\/types\/page"}],"author":[{"embeddable":true,"href":"http:\/\/www.gardiensdesunivers.fr\/index.php?rest_route=\/wp\/v2\/users\/1"}],"replies":[{"embeddable":true,"href":"http:\/\/www.gardiensdesunivers.fr\/index.php?rest_route=%2Fwp%2Fv2%2Fcomments&post=1997"}],"version-history":[{"count":0,"href":"http:\/\/www.gardiensdesunivers.fr\/index.php?rest_route=\/wp\/v2\/pages\/1997\/revisions"}],"wp:attachment":[{"href":"http:\/\/www.gardiensdesunivers.fr\/index.php?rest_route=%2Fwp%2Fv2%2Fmedia&parent=1997"}],"curies":[{"name":"wp","href":"https:\/\/api.w.org\/{rel}","templated":true}]}}